{"id":151,"date":"2019-06-01T08:30:43","date_gmt":"2019-06-01T06:30:43","guid":{"rendered":"http:\/\/azorenhaus.de\/azorenhaus\/?page_id=151"},"modified":"2026-01-08T17:46:05","modified_gmt":"2026-01-08T16:46:05","slug":"impressum","status":"publish","type":"page","link":"https:\/\/azorenhaus.de\/azorenhaus\/impressum\/","title":{"rendered":"Impressum"},"content":{"rendered":"\n<p><strong>Verantwortliche Redakteur f\u00fcr die Internetpr\u00e4senz www.azorenhaus.de ist:<\/strong><\/p>\n\n\n\n<p>Horst Evertz<br>Sophie-Charlotten-Stra\u00dfe 103<br>D-14059 Berlin <br>Telefon: 0049 177 1989 445<br>Germany<br>hevertz@snafu.de<\/p>\n\n\n\n<p><strong>Gestaltung und technische Umsetzung<\/strong><br>Ingrid Bressem | bressem@media-sepia.de<\/p>\n\n\n\n<h4 class=\"wp-block-heading\"><br><strong>Haftungsausschluss:<\/strong><\/h4>\n\n\n\n<p>Der Autor selbst und die Informationszubringer*innen sind stets bem\u00fcht, qualitativ hochwertige Informationen zur Verf\u00fcgung zu stellen. Trotzdem \u00fcbernimmt der Autor keinerlei Gew\u00e4hr f\u00fcr die Aktualit\u00e4t,  Korrektheit, Vollst\u00e4ndigkeit oder Qualit\u00e4t der bereitgestellten  Informationen. Haftungsanspr\u00fcche gegen den Autor, die sich auf Sch\u00e4den materieller oder ideeller Art beziehen, welche durch die Nutzung oder Nichtnutzung der dargebotenen Informationen bzw. durch die Nutzung  fehlerhafter und unvollst\u00e4ndiger Informationen verursacht wurden, sind  grunds\u00e4tzlich ausgeschlossen, sofern seitens des Autors kein  nachweislich vors\u00e4tzliches oder grob fahrl\u00e4ssiges Verschulden vorliegt.  Alle Angebote sind freibleibend und unverbindlich. Der Autor beh\u00e4lt es sich ausdr\u00fccklich vor, Teile der Seiten oder das gesamte Angebot ohne  gesonderte Ank\u00fcndigung zu ver\u00e4ndern, zu erg\u00e4nzen, zu l\u00f6schen oder die Ver\u00f6ffentlichung zeitweise oder endg\u00fcltig einzustellen.<\/p>\n\n\n\n<h4 class=\"wp-block-heading\">Verweise und Links<\/h4>\n\n\n\n<p>Sofern auf Verweisziele (\u201cLinks\u201d) direkt oder indirekt verwiesen  wird, die au\u00dferhalb des Verantwortungsbereiches des Autors liegen, haftet dieser nur dann, wenn er von den Inhalten Kenntnis hat und es ihm technisch m\u00f6glich und zumutbar w\u00e4re, die Nutzung im Falle rechtswidriger Inhalte zu verhindern. F\u00fcr dar\u00fcber hinausgehende Inhalte und insbesondere f\u00fcr Sch\u00e4den, die aus der Nutzung oder Nichtnutzung  solcherart dargebotener Informationen entstehen, haftet allein der Anbietende dieser Seiten, nicht derjenige, der \u00fcber Links auf die  jeweilige Ver\u00f6ffentlichung lediglich verweist. Diese Einschr\u00e4nkung gilt  gleicherma\u00dfen auch f\u00fcr Fremdeintr\u00e4ge in vom Autor eingerichteten  G\u00e4steb\u00fcchern, Diskussionsforen und Mailinglisten.<\/p>\n\n\n\n<h4 class=\"wp-block-heading\">Urheberrecht<\/h4>\n\n\n\n<p>Der Autor ist bestrebt, in allen Publikationen die Urheberrechte  der verwendeten Grafiken, Sounds und Texte zu beachten, sowie selbst  erstellte Grafiken, Sounds und Texte zu nutzen oder auf lizenzfreie  Grafiken, Sounds und Texte zur\u00fcckzugreifen. Sollte sich auf den  jeweiligen Seiten dennoch eine ungekennzeichnete, aber durch fremdes  Copyright gesch\u00fctzte Grafik, ein Sound oder Text befinden, so konnte das  Copyright vom Autor nicht festgestellt werden. Im Falle einer solchen  unbeabsichtigten Copyrightverletzung wird der Autor das entsprechende Objekt nach Benachrichtigung aus seiner Publikation entfernen bzw. mit  dem entsprechenden Copyright kenntlich machen.<br>Alle innerhalb des Internetangebotes genannten und ggf. durch Dritte  gesch\u00fctzten Marken- und Warenzeichen unterliegen uneingeschr\u00e4nkt den  Bestimmungen des jeweils g\u00fcltigen Kennzeichenrechts und den  Besitzrechten der jeweiligen eingetragenen Eigent\u00fcmer. Allein aufgrund der blo\u00dfen Nennung ist nicht der Schlu\u00df zu ziehen, dass Markenzeichen nicht durch Rechte Dritter gesch\u00fctzt sind! Das Copyright f\u00fcr ver\u00f6ffentlichte, vom Autor selbst erstellte Objekte bleibt allein beim Autor der Seiten. Eine Vervielf\u00e4ltigung oder Verwendung  solcher Grafiken, Tondokumente, Videosequenzen und Texte in anderen  elektronischen oder gedruckten Publikationen ist ohne ausdr\u00fcckliche  Zustimmung des Autors nicht gestattet.<\/p>\n\n\n\n<h4 class=\"wp-block-heading\">Rechtswirksamkeit dieses Haftungsausschlusses<\/h4>\n\n\n\n<p>Dieser Haftungsausschluss ist als Teil des Internetangebotes zu betrachten, von dem aus auf diese Seite verwiesen wurde. Sofern Teile oder einzelne Formulierungen dieses Textes der geltenden Rechtslage nicht, nicht mehr oder nicht vollst\u00e4ndig entsprechen sollten, werden diese durch solche Formulierungen ersetzt, die dem Inhalt und der Intention der urspr\u00fcnglichen Formulierungen am N\u00e4hesten kommen. Die \u00fcbrigen Teile des Dokumentes bleiben in ihrem Inhalt und ihrer G\u00fcltigkeit davon unber\u00fchrt.<br><\/p>\n\n\n\n<h3 class=\"wp-block-heading\"><strong>Datenschutzerkl\u00e4rung<\/strong><\/h3>\n\n\n\n<p>Die verantwortliche Stelle f\u00fcr die Datenverarbeitung auf dieser Website ist:<\/p>\n\n\n\n<p>Horst Evertz<br>Sophie-Charlotten-Str. 103<br>14059 Berlin<\/p>\n\n\n\n<p>Die verantwortliche Stelle entscheidet allein oder gemeinsam mit \nanderen \u00fcber die Zwecke und Mittel der Verarbeitung von \npersonenbezogenen Daten (z.B. Namen, Kontaktdaten o. \u00c4.).<\/p>\n\n\n\n<h4 class=\"wp-block-heading\">Widerruf Ihrer Einwilligung zur Datenverarbeitung<\/h4>\n\n\n\n<p>Nur mit Ihrer ausdr\u00fccklichen Einwilligung sind einige Vorg\u00e4nge der \nDatenverarbeitung m\u00f6glich. Ein Widerruf Ihrer bereits erteilten \nEinwilligung ist jederzeit m\u00f6glich. F\u00fcr den Widerruf gen\u00fcgt eine \nformlose Mitteilung per E-Mail. Die Rechtm\u00e4\u00dfigkeit der bis zum Widerruf \nerfolgten Datenverarbeitung bleibt vom Widerruf unber\u00fchrt.<\/p>\n\n\n\n<h4 class=\"wp-block-heading\">Recht auf Beschwerde bei der zust\u00e4ndigen Aufsichtsbeh\u00f6rde<\/h4>\n\n\n\n<p>Als Betroffener steht Ihnen im Falle eines datenschutzrechtlichen \nVersto\u00dfes ein Beschwerderecht bei der zust\u00e4ndigen Aufsichtsbeh\u00f6rde zu. \nZust\u00e4ndige Aufsichtsbeh\u00f6rde bez\u00fcglich datenschutzrechtlicher Fragen ist \nder Landesdatenschutzbeauftragte des Bundeslandes, in dem sich der Sitz \nunseres Unternehmens befindet. Der folgende Link stellt eine Liste der \nDatenschutzbeauftragten sowie deren Kontaktdaten bereit: <a href=\"https:\/\/www.bfdi.bund.de\/DE\/Infothek\/Anschriften_Links\/anschriften_links-node.html\" target=\"_blank\" rel=\"noreferrer noopener\">https:\/\/www.bfdi.bund.de\/DE\/Infothek\/Anschriften_Links\/anschriften_links-node.html<\/a>.<\/p>\n\n\n\n<h4 class=\"wp-block-heading\">Recht auf Daten\u00fcbertragbarkeit<\/h4>\n\n\n\n<p>Ihnen steht das Recht zu, Daten, die wir auf Grundlage Ihrer \nEinwilligung oder in Erf\u00fcllung eines Vertrags automatisiert verarbeiten,\n an sich oder an Dritte aush\u00e4ndigen zu lassen. Die Bereitstellung \nerfolgt in einem maschinenlesbaren Format. Sofern Sie die direkte \n\u00dcbertragung der Daten an einen anderen Verantwortlichen verlangen, \nerfolgt dies nur, soweit es technisch machbar ist.<\/p>\n\n\n\n<h4 class=\"wp-block-heading\">Google Webfonts<\/h4>\n\n\n\n<p>Wir nutzen Web Fonts (Schriftarten), die von Google bereitgestellt \nwerden. Beim Aufruf einer Seite l\u00e4dt Ihr Browser die ben\u00f6tigten \nSchriftarten, um Texte und Schriftarten korrekt anzuzeigen.<\/p>\n\n\n\n<p>In diesem Zusammenhang wird Ihre IP-Adresse an Google Kommuniziert. \nDie Nutzung von Google Web Fonts erfolgt auf der Grundlage von \u00a7 6 Nr. 8\n DSG-EKD (berechtigtes Interesse: einheitliche und ansprechende \nDarstellung des Online-Angebotes.<\/p>\n\n\n\n<p>Wenn Ihr Browser Web Fonts nicht unterst\u00fctzt, wird eine \nStandardschrift von Ihrem Computer genutzt. Weitere Informationen zu \nGoogle Web Fonts finden Sie unter <a href=\"https:\/\/developers.google.com\/fonts\/faq\" target=\"_blank\" rel=\"noreferrer noopener\">https:\/\/developers.google.com\/fonts\/faq<\/a> und in der Datenschutzerkl\u00e4rung von Google: <a href=\"https:\/\/www.google.com\/policies\/privacy\/\" target=\"_blank\" rel=\"noreferrer noopener\">https:\/\/www.google.com\/policies\/privacy\/<\/a>.<\/p>\n\n\n\n<h4 class=\"wp-block-heading\">Server-Log-Dateien<\/h4>\n\n\n\n<p>In Server-Log-Dateien erhebt und speichert der Provider der Website \nautomatisch Informationen, die Ihr Browser automatisch an uns \n\u00fcbermittelt. Dies sind:<\/p>\n\n\n\n<ul class=\"wp-block-list\">\n<li>Browsertyp und Browserversion<\/li>\n\n\n\n<li>Verwendetes Betriebssystem<\/li>\n\n\n\n<li>Referrer URL<\/li>\n\n\n\n<li>Hostname des zugreifenden Rechners<\/li>\n\n\n\n<li>Uhrzeit der Serveranfrage<\/li>\n\n\n\n<li>IP-Adresse<\/li>\n<\/ul>\n\n\n\n<p>Es findet keine Zusammenf\u00fchrung dieser Daten mit anderen Datenquellen\n statt. Grundlage der Datenverarbeitung bildet Art. 6 Abs. 1 lit. b \nDSGVO, der die Verarbeitung von Daten zur Erf\u00fcllung eines Vertrags oder \nvorvertraglicher Ma\u00dfnahmen gestattet.<\/p>\n","protected":false},"excerpt":{"rendered":"<p>Verantwortliche Redakteur f\u00fcr die Internetpr\u00e4senz www.azorenhaus.de ist: Horst EvertzSophie-Charlotten-Stra\u00dfe 103D-14059 Berlin Telefon: 0049 177 1989 445Germanyhevertz@snafu.de Gestaltung und technische UmsetzungIngrid Bressem | bressem@media-sepia.de Haftungsausschluss: Der Autor selbst und die Informationszubringer*innen sind stets bem\u00fcht, qualitativ hochwertige Informationen zur Verf\u00fcgung zu stellen. Trotzdem \u00fcbernimmt der Autor keinerlei Gew\u00e4hr f\u00fcr die Aktualit\u00e4t, Korrektheit, [&hellip;]<\/p>\n","protected":false},"author":1,"featured_media":173,"parent":0,"menu_order":0,"comment_status":"closed","ping_status":"closed","template":"","meta":{"footnotes":""},"class_list":["post-151","page","type-page","status-publish","has-post-thumbnail","hentry"],"_links":{"self":[{"href":"https:\/\/azorenhaus.de\/azorenhaus\/wp-json\/wp\/v2\/pages\/151","targetHints":{"allow":["GET"]}}],"collection":[{"href":"https:\/\/azorenhaus.de\/azorenhaus\/wp-json\/wp\/v2\/pages"}],"about":[{"href":"https:\/\/azorenhaus.de\/azorenhaus\/wp-json\/wp\/v2\/types\/page"}],"author":[{"embeddable":true,"href":"https:\/\/azorenhaus.de\/azorenhaus\/wp-json\/wp\/v2\/users\/1"}],"replies":[{"embeddable":true,"href":"https:\/\/azorenhaus.de\/azorenhaus\/wp-json\/wp\/v2\/comments?post=151"}],"version-history":[{"count":5,"href":"https:\/\/azorenhaus.de\/azorenhaus\/wp-json\/wp\/v2\/pages\/151\/revisions"}],"predecessor-version":[{"id":559,"href":"https:\/\/azorenhaus.de\/azorenhaus\/wp-json\/wp\/v2\/pages\/151\/revisions\/559"}],"wp:featuredmedia":[{"embeddable":true,"href":"https:\/\/azorenhaus.de\/azorenhaus\/wp-json\/wp\/v2\/media\/173"}],"wp:attachment":[{"href":"https:\/\/azorenhaus.de\/azorenhaus\/wp-json\/wp\/v2\/media?parent=151"}],"curies":[{"name":"wp","href":"https:\/\/api.w.org\/{rel}","templated":true}]}}