{"id":29,"date":"2019-05-27T06:57:47","date_gmt":"2019-05-27T04:57:47","guid":{"rendered":"http:\/\/azorenhaus.de\/azorenhaus\/?page_id=29"},"modified":"2026-01-08T17:41:32","modified_gmt":"2026-01-08T16:41:32","slug":"radsport-auf-den-azoren","status":"publish","type":"page","link":"https:\/\/azorenhaus.de\/azorenhaus\/radsport-auf-den-azoren\/","title":{"rendered":"Radsport auf den Azoren"},"content":{"rendered":"\n<h2 class=\"wp-block-heading has-text-align-center\">Mit dem Rennrad die Insel Faial erkunden<\/h2>\n\n\n\n<p>Eine Inselrunde auf der Hauptstra\u00dfe, immer das Meer im Blick, geh\u00f6rt zu den sch\u00f6nsten Touren, die man erleben kann. Faial hat viele sehr gut asphaltierte Stra\u00dfen, so dass es mit dem Rennrad richtig Spa\u00df macht. Und wer zudem noch gerne einige H\u00f6henmeter unter die R\u00e4der nehmen will, kommt erst recht auf seine Kosten. Denn ebene Strecken gibt es kaum. Es geht immer bergauf und bergab, aber die Steigungen liegen mit 6-8% fast immer im moderaten Bereich.<\/p>\n\n\n\n<figure class=\"wp-block-image\"><img loading=\"lazy\" decoding=\"async\" width=\"1024\" height=\"768\" src=\"https:\/\/azorenhaus.de\/azorenhaus\/wp-content\/uploads\/2019\/06\/Header-Radsport-e1560272708804-1024x768.jpg\" alt=\"\" class=\"wp-image-187\" srcset=\"https:\/\/azorenhaus.de\/azorenhaus\/wp-content\/uploads\/2019\/06\/Header-Radsport-e1560272708804-1024x768.jpg 1024w, https:\/\/azorenhaus.de\/azorenhaus\/wp-content\/uploads\/2019\/06\/Header-Radsport-e1560272708804-300x225.jpg 300w, https:\/\/azorenhaus.de\/azorenhaus\/wp-content\/uploads\/2019\/06\/Header-Radsport-e1560272708804-768x576.jpg 768w\" sizes=\"auto, (max-width: 1024px) 100vw, 1024px\" \/><figcaption class=\"wp-element-caption\">Ein Abstecher von der Hauptstra\u00dfe \u00fcber Capelo oder Norte Pequeno f\u00fchrt zum Vulkan Capelinhos<\/figcaption><\/figure>\n\n\n\n<p>Eine Inselrunde hat ca. 53 KM und rund 1.000 H\u00f6henmeter sind zu bew\u00e4ltigen. Sehr reizvoll ist es auch die Hauptstadt Horta \u00fcber Flamengos zu umfahren und \u00fcber die Oberstra\u00dfe auf 400-500 m Richtung Varadouro zu radeln. <\/p>\n\n\n\n<figure class=\"wp-block-gallery has-nested-images columns-default is-cropped wp-block-gallery-1 is-layout-flex wp-block-gallery-is-layout-flex\">\n<figure class=\"wp-block-image size-large\"><img loading=\"lazy\" decoding=\"async\" width=\"1024\" height=\"576\" data-id=\"557\" src=\"https:\/\/azorenhaus.de\/azorenhaus\/wp-content\/uploads\/2026\/01\/20230511_132029-1024x576.jpg\" alt=\"\" class=\"wp-image-557\" srcset=\"https:\/\/azorenhaus.de\/azorenhaus\/wp-content\/uploads\/2026\/01\/20230511_132029-1024x576.jpg 1024w, https:\/\/azorenhaus.de\/azorenhaus\/wp-content\/uploads\/2026\/01\/20230511_132029-300x169.jpg 300w, https:\/\/azorenhaus.de\/azorenhaus\/wp-content\/uploads\/2026\/01\/20230511_132029-768x432.jpg 768w, https:\/\/azorenhaus.de\/azorenhaus\/wp-content\/uploads\/2026\/01\/20230511_132029-1536x864.jpg 1536w, https:\/\/azorenhaus.de\/azorenhaus\/wp-content\/uploads\/2026\/01\/20230511_132029-2048x1152.jpg 2048w\" sizes=\"auto, (max-width: 1024px) 100vw, 1024px\" \/><\/figure>\n<\/figure>\n\n\n\n<p>Hier der Abzweig oberhalb von Flamengos wo der Anstieg zur Caldeira auf \u00fcber 930 m H\u00f6he beginnt. Eine reizvolle kurvenreiche Stra\u00dfe, eingerahmt von den auf Faial typischen blauen Hortensien. Der Besuch der Caldeira wird mit einem fantastischen Blick in das Innere des Vulkans belohnt.<\/p>\n\n\n\n<figure class=\"wp-block-image\"><img loading=\"lazy\" decoding=\"async\" width=\"1024\" height=\"768\" src=\"https:\/\/azorenhaus.de\/azorenhaus\/wp-content\/uploads\/2019\/06\/Caldera-1024x768.jpg\" alt=\"\" class=\"wp-image-192\" srcset=\"https:\/\/azorenhaus.de\/azorenhaus\/wp-content\/uploads\/2019\/06\/Caldera-1024x768.jpg 1024w, https:\/\/azorenhaus.de\/azorenhaus\/wp-content\/uploads\/2019\/06\/Caldera-300x225.jpg 300w, https:\/\/azorenhaus.de\/azorenhaus\/wp-content\/uploads\/2019\/06\/Caldera-768x576.jpg 768w\" sizes=\"auto, (max-width: 1024px) 100vw, 1024px\" \/><figcaption class=\"wp-element-caption\">Nach dem Aufstieg zum Cabeco Gordo und Blick in die Caldeira<\/figcaption><\/figure>\n","protected":false},"excerpt":{"rendered":"<p>Mit dem Rennrad die Insel Faial erkunden Eine Inselrunde auf der Hauptstra\u00dfe, immer das Meer im Blick, geh\u00f6rt zu den sch\u00f6nsten Touren, die man erleben kann. Faial hat viele sehr gut asphaltierte Stra\u00dfen, so dass es mit dem Rennrad richtig Spa\u00df macht. Und wer zudem noch gerne einige H\u00f6henmeter unter [&hellip;]<\/p>\n","protected":false},"author":1,"featured_media":187,"parent":0,"menu_order":0,"comment_status":"closed","ping_status":"closed","template":"","meta":{"footnotes":""},"class_list":["post-29","page","type-page","status-publish","has-post-thumbnail","hentry"],"_links":{"self":[{"href":"https:\/\/azorenhaus.de\/azorenhaus\/wp-json\/wp\/v2\/pages\/29","targetHints":{"allow":["GET"]}}],"collection":[{"href":"https:\/\/azorenhaus.de\/azorenhaus\/wp-json\/wp\/v2\/pages"}],"about":[{"href":"https:\/\/azorenhaus.de\/azorenhaus\/wp-json\/wp\/v2\/types\/page"}],"author":[{"embeddable":true,"href":"https:\/\/azorenhaus.de\/azorenhaus\/wp-json\/wp\/v2\/users\/1"}],"replies":[{"embeddable":true,"href":"https:\/\/azorenhaus.de\/azorenhaus\/wp-json\/wp\/v2\/comments?post=29"}],"version-history":[{"count":5,"href":"https:\/\/azorenhaus.de\/azorenhaus\/wp-json\/wp\/v2\/pages\/29\/revisions"}],"predecessor-version":[{"id":558,"href":"https:\/\/azorenhaus.de\/azorenhaus\/wp-json\/wp\/v2\/pages\/29\/revisions\/558"}],"wp:featuredmedia":[{"embeddable":true,"href":"https:\/\/azorenhaus.de\/azorenhaus\/wp-json\/wp\/v2\/media\/187"}],"wp:attachment":[{"href":"https:\/\/azorenhaus.de\/azorenhaus\/wp-json\/wp\/v2\/media?parent=29"}],"curies":[{"name":"wp","href":"https:\/\/api.w.org\/{rel}","templated":true}]}}