{"id":328,"date":"2019-08-14T15:19:26","date_gmt":"2019-08-14T13:19:26","guid":{"rendered":"http:\/\/azorenhaus.de\/azorenhaus\/?page_id=328"},"modified":"2019-08-15T15:47:41","modified_gmt":"2019-08-15T13:47:41","slug":"blumen","status":"publish","type":"page","link":"https:\/\/azorenhaus.de\/azorenhaus\/azoren\/blumen\/","title":{"rendered":"Blumen"},"content":{"rendered":"\n<p>Die Bl\u00fctenpracht, besonders im Fr\u00fchjahr, ist immer wieder beeindruckend. In der Galerie gibt es eine Auswahl der Bl\u00fcten im Garten der Casa das Cam\u00e9lias Mitte Mai.<\/p>\n\n\n\n<ul class=\"wp-block-gallery columns-2 is-cropped wp-block-gallery-1 is-layout-flex wp-block-gallery-is-layout-flex\"><li class=\"blocks-gallery-item\"><figure><img loading=\"lazy\" decoding=\"async\" width=\"632\" height=\"475\" src=\"https:\/\/azorenhaus.de\/azorenhaus\/wp-content\/uploads\/2019\/08\/image001.jpg\" alt=\"\" data-id=\"339\" data-link=\"https:\/\/azorenhaus.de\/azorenhaus\/azoren\/blumen\/image001\/\" class=\"wp-image-339\" srcset=\"https:\/\/azorenhaus.de\/azorenhaus\/wp-content\/uploads\/2019\/08\/image001.jpg 632w, https:\/\/azorenhaus.de\/azorenhaus\/wp-content\/uploads\/2019\/08\/image001-300x225.jpg 300w\" sizes=\"auto, (max-width: 632px) 100vw, 632px\" \/><\/figure><\/li><li class=\"blocks-gallery-item\"><figure><img loading=\"lazy\" decoding=\"async\" width=\"632\" height=\"475\" src=\"https:\/\/azorenhaus.de\/azorenhaus\/wp-content\/uploads\/2019\/08\/image014.jpg\" alt=\"\" data-id=\"334\" data-link=\"https:\/\/azorenhaus.de\/azorenhaus\/azoren\/blumen\/image014\/\" class=\"wp-image-334\" srcset=\"https:\/\/azorenhaus.de\/azorenhaus\/wp-content\/uploads\/2019\/08\/image014.jpg 632w, https:\/\/azorenhaus.de\/azorenhaus\/wp-content\/uploads\/2019\/08\/image014-300x225.jpg 300w\" sizes=\"auto, (max-width: 632px) 100vw, 632px\" \/><\/figure><\/li><li class=\"blocks-gallery-item\"><figure><img loading=\"lazy\" decoding=\"async\" width=\"632\" height=\"475\" src=\"https:\/\/azorenhaus.de\/azorenhaus\/wp-content\/uploads\/2019\/08\/image015.jpg\" alt=\"\" data-id=\"335\" data-link=\"https:\/\/azorenhaus.de\/azorenhaus\/azoren\/blumen\/image015\/\" class=\"wp-image-335\" srcset=\"https:\/\/azorenhaus.de\/azorenhaus\/wp-content\/uploads\/2019\/08\/image015.jpg 632w, https:\/\/azorenhaus.de\/azorenhaus\/wp-content\/uploads\/2019\/08\/image015-300x225.jpg 300w\" sizes=\"auto, (max-width: 632px) 100vw, 632px\" \/><\/figure><\/li><li class=\"blocks-gallery-item\"><figure><img loading=\"lazy\" decoding=\"async\" width=\"632\" height=\"475\" src=\"https:\/\/azorenhaus.de\/azorenhaus\/wp-content\/uploads\/2019\/08\/image016.jpg\" alt=\"\" data-id=\"336\" data-link=\"https:\/\/azorenhaus.de\/azorenhaus\/azoren\/blumen\/image016\/\" class=\"wp-image-336\" srcset=\"https:\/\/azorenhaus.de\/azorenhaus\/wp-content\/uploads\/2019\/08\/image016.jpg 632w, https:\/\/azorenhaus.de\/azorenhaus\/wp-content\/uploads\/2019\/08\/image016-300x225.jpg 300w\" sizes=\"auto, (max-width: 632px) 100vw, 632px\" \/><\/figure><\/li><li class=\"blocks-gallery-item\"><figure><img loading=\"lazy\" decoding=\"async\" width=\"632\" height=\"475\" src=\"https:\/\/azorenhaus.de\/azorenhaus\/wp-content\/uploads\/2019\/08\/image017.jpg\" alt=\"\" data-id=\"337\" data-link=\"https:\/\/azorenhaus.de\/azorenhaus\/azoren\/blumen\/image017-3\/\" class=\"wp-image-337\" srcset=\"https:\/\/azorenhaus.de\/azorenhaus\/wp-content\/uploads\/2019\/08\/image017.jpg 632w, https:\/\/azorenhaus.de\/azorenhaus\/wp-content\/uploads\/2019\/08\/image017-300x225.jpg 300w\" sizes=\"auto, (max-width: 632px) 100vw, 632px\" \/><\/figure><\/li><li class=\"blocks-gallery-item\"><figure><img loading=\"lazy\" decoding=\"async\" width=\"632\" height=\"475\" src=\"https:\/\/azorenhaus.de\/azorenhaus\/wp-content\/uploads\/2019\/08\/image018.jpg\" alt=\"\" data-id=\"338\" data-link=\"https:\/\/azorenhaus.de\/azorenhaus\/azoren\/blumen\/image018\/\" class=\"wp-image-338\" srcset=\"https:\/\/azorenhaus.de\/azorenhaus\/wp-content\/uploads\/2019\/08\/image018.jpg 632w, https:\/\/azorenhaus.de\/azorenhaus\/wp-content\/uploads\/2019\/08\/image018-300x225.jpg 300w\" sizes=\"auto, (max-width: 632px) 100vw, 632px\" \/><\/figure><\/li><li class=\"blocks-gallery-item\"><figure><img loading=\"lazy\" decoding=\"async\" width=\"632\" height=\"475\" src=\"https:\/\/azorenhaus.de\/azorenhaus\/wp-content\/uploads\/2019\/08\/image002.jpg\" alt=\"\" data-id=\"340\" data-link=\"https:\/\/azorenhaus.de\/azorenhaus\/azoren\/blumen\/image002-3\/\" class=\"wp-image-340\" srcset=\"https:\/\/azorenhaus.de\/azorenhaus\/wp-content\/uploads\/2019\/08\/image002.jpg 632w, https:\/\/azorenhaus.de\/azorenhaus\/wp-content\/uploads\/2019\/08\/image002-300x225.jpg 300w\" sizes=\"auto, (max-width: 632px) 100vw, 632px\" \/><\/figure><\/li><li class=\"blocks-gallery-item\"><figure><img loading=\"lazy\" decoding=\"async\" width=\"632\" height=\"475\" src=\"https:\/\/azorenhaus.de\/azorenhaus\/wp-content\/uploads\/2019\/08\/image003.jpg\" alt=\"\" data-id=\"341\" data-link=\"https:\/\/azorenhaus.de\/azorenhaus\/azoren\/blumen\/image003-3\/\" class=\"wp-image-341\" srcset=\"https:\/\/azorenhaus.de\/azorenhaus\/wp-content\/uploads\/2019\/08\/image003.jpg 632w, https:\/\/azorenhaus.de\/azorenhaus\/wp-content\/uploads\/2019\/08\/image003-300x225.jpg 300w\" sizes=\"auto, (max-width: 632px) 100vw, 632px\" \/><\/figure><\/li><li class=\"blocks-gallery-item\"><figure><img loading=\"lazy\" decoding=\"async\" width=\"632\" height=\"475\" src=\"https:\/\/azorenhaus.de\/azorenhaus\/wp-content\/uploads\/2019\/08\/image004-1.jpg\" alt=\"\" data-id=\"342\" data-link=\"https:\/\/azorenhaus.de\/azorenhaus\/azoren\/blumen\/image004-1\/\" class=\"wp-image-342\" srcset=\"https:\/\/azorenhaus.de\/azorenhaus\/wp-content\/uploads\/2019\/08\/image004-1.jpg 632w, https:\/\/azorenhaus.de\/azorenhaus\/wp-content\/uploads\/2019\/08\/image004-1-300x225.jpg 300w\" sizes=\"auto, (max-width: 632px) 100vw, 632px\" \/><\/figure><\/li><li class=\"blocks-gallery-item\"><figure><img loading=\"lazy\" decoding=\"async\" width=\"632\" height=\"475\" src=\"https:\/\/azorenhaus.de\/azorenhaus\/wp-content\/uploads\/2019\/08\/image005.jpg\" alt=\"\" data-id=\"343\" data-link=\"https:\/\/azorenhaus.de\/azorenhaus\/azoren\/blumen\/image005-2\/\" class=\"wp-image-343\" srcset=\"https:\/\/azorenhaus.de\/azorenhaus\/wp-content\/uploads\/2019\/08\/image005.jpg 632w, https:\/\/azorenhaus.de\/azorenhaus\/wp-content\/uploads\/2019\/08\/image005-300x225.jpg 300w\" sizes=\"auto, (max-width: 632px) 100vw, 632px\" \/><\/figure><\/li><li class=\"blocks-gallery-item\"><figure><img loading=\"lazy\" decoding=\"async\" width=\"632\" height=\"475\" src=\"https:\/\/azorenhaus.de\/azorenhaus\/wp-content\/uploads\/2019\/08\/image006.jpg\" alt=\"\" data-id=\"344\" data-link=\"https:\/\/azorenhaus.de\/azorenhaus\/azoren\/blumen\/image006-2\/\" class=\"wp-image-344\" srcset=\"https:\/\/azorenhaus.de\/azorenhaus\/wp-content\/uploads\/2019\/08\/image006.jpg 632w, https:\/\/azorenhaus.de\/azorenhaus\/wp-content\/uploads\/2019\/08\/image006-300x225.jpg 300w\" sizes=\"auto, (max-width: 632px) 100vw, 632px\" \/><\/figure><\/li><li class=\"blocks-gallery-item\"><figure><img loading=\"lazy\" decoding=\"async\" width=\"632\" height=\"475\" src=\"https:\/\/azorenhaus.de\/azorenhaus\/wp-content\/uploads\/2019\/08\/image007.jpg\" alt=\"\" data-id=\"345\" data-link=\"https:\/\/azorenhaus.de\/azorenhaus\/azoren\/blumen\/image007\/\" class=\"wp-image-345\" srcset=\"https:\/\/azorenhaus.de\/azorenhaus\/wp-content\/uploads\/2019\/08\/image007.jpg 632w, https:\/\/azorenhaus.de\/azorenhaus\/wp-content\/uploads\/2019\/08\/image007-300x225.jpg 300w\" sizes=\"auto, (max-width: 632px) 100vw, 632px\" \/><\/figure><\/li><li class=\"blocks-gallery-item\"><figure><img loading=\"lazy\" decoding=\"async\" width=\"632\" height=\"475\" src=\"https:\/\/azorenhaus.de\/azorenhaus\/wp-content\/uploads\/2019\/08\/image008-1.jpg\" alt=\"\" data-id=\"346\" data-link=\"https:\/\/azorenhaus.de\/azorenhaus\/azoren\/blumen\/image008-1\/\" class=\"wp-image-346\" srcset=\"https:\/\/azorenhaus.de\/azorenhaus\/wp-content\/uploads\/2019\/08\/image008-1.jpg 632w, https:\/\/azorenhaus.de\/azorenhaus\/wp-content\/uploads\/2019\/08\/image008-1-300x225.jpg 300w\" sizes=\"auto, (max-width: 632px) 100vw, 632px\" \/><\/figure><\/li><li class=\"blocks-gallery-item\"><figure><img loading=\"lazy\" decoding=\"async\" width=\"632\" height=\"475\" src=\"https:\/\/azorenhaus.de\/azorenhaus\/wp-content\/uploads\/2019\/08\/image009.jpg\" alt=\"\" data-id=\"347\" data-link=\"https:\/\/azorenhaus.de\/azorenhaus\/azoren\/blumen\/image009-3\/\" class=\"wp-image-347\" srcset=\"https:\/\/azorenhaus.de\/azorenhaus\/wp-content\/uploads\/2019\/08\/image009.jpg 632w, https:\/\/azorenhaus.de\/azorenhaus\/wp-content\/uploads\/2019\/08\/image009-300x225.jpg 300w\" sizes=\"auto, (max-width: 632px) 100vw, 632px\" \/><\/figure><\/li><li class=\"blocks-gallery-item\"><figure><img loading=\"lazy\" decoding=\"async\" width=\"475\" height=\"632\" src=\"https:\/\/azorenhaus.de\/azorenhaus\/wp-content\/uploads\/2019\/08\/image010.jpg\" alt=\"\" data-id=\"348\" data-link=\"https:\/\/azorenhaus.de\/azorenhaus\/azoren\/blumen\/image010-2\/\" class=\"wp-image-348\" srcset=\"https:\/\/azorenhaus.de\/azorenhaus\/wp-content\/uploads\/2019\/08\/image010.jpg 475w, https:\/\/azorenhaus.de\/azorenhaus\/wp-content\/uploads\/2019\/08\/image010-225x300.jpg 225w\" sizes=\"auto, (max-width: 475px) 100vw, 475px\" \/><\/figure><\/li><li class=\"blocks-gallery-item\"><figure><img loading=\"lazy\" decoding=\"async\" width=\"632\" height=\"475\" src=\"https:\/\/azorenhaus.de\/azorenhaus\/wp-content\/uploads\/2019\/08\/image011.jpg\" alt=\"\" data-id=\"349\" data-link=\"https:\/\/azorenhaus.de\/azorenhaus\/azoren\/blumen\/image011-2\/\" class=\"wp-image-349\" srcset=\"https:\/\/azorenhaus.de\/azorenhaus\/wp-content\/uploads\/2019\/08\/image011.jpg 632w, https:\/\/azorenhaus.de\/azorenhaus\/wp-content\/uploads\/2019\/08\/image011-300x225.jpg 300w\" sizes=\"auto, (max-width: 632px) 100vw, 632px\" \/><\/figure><\/li><li class=\"blocks-gallery-item\"><figure><img loading=\"lazy\" decoding=\"async\" width=\"632\" height=\"475\" src=\"https:\/\/azorenhaus.de\/azorenhaus\/wp-content\/uploads\/2019\/08\/image012-1.jpg\" alt=\"\" data-id=\"350\" data-link=\"https:\/\/azorenhaus.de\/azorenhaus\/azoren\/blumen\/image012-1\/\" class=\"wp-image-350\" srcset=\"https:\/\/azorenhaus.de\/azorenhaus\/wp-content\/uploads\/2019\/08\/image012-1.jpg 632w, https:\/\/azorenhaus.de\/azorenhaus\/wp-content\/uploads\/2019\/08\/image012-1-300x225.jpg 300w\" sizes=\"auto, (max-width: 632px) 100vw, 632px\" \/><\/figure><\/li><li class=\"blocks-gallery-item\"><figure><img loading=\"lazy\" decoding=\"async\" width=\"632\" height=\"475\" src=\"https:\/\/azorenhaus.de\/azorenhaus\/wp-content\/uploads\/2019\/08\/image013-1.jpg\" alt=\"\" data-id=\"351\" data-link=\"https:\/\/azorenhaus.de\/azorenhaus\/azoren\/blumen\/image013-1\/\" class=\"wp-image-351\" srcset=\"https:\/\/azorenhaus.de\/azorenhaus\/wp-content\/uploads\/2019\/08\/image013-1.jpg 632w, https:\/\/azorenhaus.de\/azorenhaus\/wp-content\/uploads\/2019\/08\/image013-1-300x225.jpg 300w\" sizes=\"auto, (max-width: 632px) 100vw, 632px\" \/><\/figure><\/li><\/ul>\n","protected":false},"excerpt":{"rendered":"<p>Die Bl\u00fctenpracht, besonders im Fr\u00fchjahr, ist immer wieder beeindruckend. In der Galerie gibt es eine Auswahl der Bl\u00fcten im Garten der Casa das Cam\u00e9lias Mitte Mai.<\/p>\n","protected":false},"author":2,"featured_media":274,"parent":17,"menu_order":1,"comment_status":"closed","ping_status":"closed","template":"","meta":{"footnotes":""},"class_list":["post-328","page","type-page","status-publish","has-post-thumbnail","hentry"],"_links":{"self":[{"href":"https:\/\/azorenhaus.de\/azorenhaus\/wp-json\/wp\/v2\/pages\/328","targetHints":{"allow":["GET"]}}],"collection":[{"href":"https:\/\/azorenhaus.de\/azorenhaus\/wp-json\/wp\/v2\/pages"}],"about":[{"href":"https:\/\/azorenhaus.de\/azorenhaus\/wp-json\/wp\/v2\/types\/page"}],"author":[{"embeddable":true,"href":"https:\/\/azorenhaus.de\/azorenhaus\/wp-json\/wp\/v2\/users\/2"}],"replies":[{"embeddable":true,"href":"https:\/\/azorenhaus.de\/azorenhaus\/wp-json\/wp\/v2\/comments?post=328"}],"version-history":[{"count":2,"href":"https:\/\/azorenhaus.de\/azorenhaus\/wp-json\/wp\/v2\/pages\/328\/revisions"}],"predecessor-version":[{"id":352,"href":"https:\/\/azorenhaus.de\/azorenhaus\/wp-json\/wp\/v2\/pages\/328\/revisions\/352"}],"up":[{"embeddable":true,"href":"https:\/\/azorenhaus.de\/azorenhaus\/wp-json\/wp\/v2\/pages\/17"}],"wp:featuredmedia":[{"embeddable":true,"href":"https:\/\/azorenhaus.de\/azorenhaus\/wp-json\/wp\/v2\/media\/274"}],"wp:attachment":[{"href":"https:\/\/azorenhaus.de\/azorenhaus\/wp-json\/wp\/v2\/media?parent=328"}],"curies":[{"name":"wp","href":"https:\/\/api.w.org\/{rel}","templated":true}]}}