{"id":35,"date":"2019-05-27T06:59:35","date_gmt":"2019-05-27T04:59:35","guid":{"rendered":"http:\/\/azorenhaus.de\/azorenhaus\/?page_id=35"},"modified":"2023-01-05T19:05:07","modified_gmt":"2023-01-05T18:05:07","slug":"landhaeuser","status":"publish","type":"page","link":"https:\/\/azorenhaus.de\/azorenhaus\/landhaeuser\/","title":{"rendered":"Landh\u00e4user"},"content":{"rendered":"\n<p>Die alten Landh\u00e4user wurden mit Natursteinen ohne M\u00f6rtel errichtet. Lediglich an den Ecken und Kanten wurden behauene Steine verwendet. Die  Mauern haben eine St\u00e4rke von 60 bis 70 cm. Es wurden ausnahmslos Satteld\u00e4cher gebaut mit einer geringen Neigung von ca. 25 Grad. Eingedeckt  wurden die D\u00e4cher mit einfachen Tonziegeln, sog. <em>M\u00f6nch und Nonne<\/em>. <\/p>\n\n\n\n<figure class=\"wp-block-image\"><img loading=\"lazy\" decoding=\"async\" width=\"1024\" height=\"768\" src=\"https:\/\/azorenhaus.de\/azorenhaus\/wp-content\/uploads\/2019\/06\/Landhaus-Cascalho-de-Cima-1024x768.jpg\" alt=\"\" class=\"wp-image-169\" srcset=\"https:\/\/azorenhaus.de\/azorenhaus\/wp-content\/uploads\/2019\/06\/Landhaus-Cascalho-de-Cima-1024x768.jpg 1024w, https:\/\/azorenhaus.de\/azorenhaus\/wp-content\/uploads\/2019\/06\/Landhaus-Cascalho-de-Cima-300x225.jpg 300w, https:\/\/azorenhaus.de\/azorenhaus\/wp-content\/uploads\/2019\/06\/Landhaus-Cascalho-de-Cima-768x576.jpg 768w\" sizes=\"auto, (max-width: 1024px) 100vw, 1024px\" \/><figcaption class=\"wp-element-caption\">Altes verlassenes Landhaus in Cascalho de Cima, Faial<\/figcaption><\/figure>\n\n\n\n<figure class=\"wp-block-image\"><img loading=\"lazy\" decoding=\"async\" width=\"1024\" height=\"697\" src=\"https:\/\/azorenhaus.de\/azorenhaus\/wp-content\/uploads\/2019\/05\/header_02-1024x697.jpg\" alt=\"\" class=\"wp-image-71\" srcset=\"https:\/\/azorenhaus.de\/azorenhaus\/wp-content\/uploads\/2019\/05\/header_02-1024x697.jpg 1024w, https:\/\/azorenhaus.de\/azorenhaus\/wp-content\/uploads\/2019\/05\/header_02-300x204.jpg 300w, https:\/\/azorenhaus.de\/azorenhaus\/wp-content\/uploads\/2019\/05\/header_02-768x523.jpg 768w, https:\/\/azorenhaus.de\/azorenhaus\/wp-content\/uploads\/2019\/05\/header_02.jpg 1748w\" sizes=\"auto, (max-width: 1024px) 100vw, 1024px\" \/><figcaption class=\"wp-element-caption\">Dies ist die Casa das Cam\u00e9lias, wie wir sie 1995 erworben haben. Das sehr gro\u00dfe Landhaus hat einen \u00e4lteren 1-geschossigen Teil, der undatiert ist.  Das 2-st\u00f6ckige Vorderhaus wurde in den 1920er Jahren errichtet und zeugte von einem gewissen Wohlstand. <\/figcaption><\/figure>\n\n\n\n<figure class=\"wp-block-image size-full\"><img loading=\"lazy\" decoding=\"async\" width=\"879\" height=\"584\" src=\"https:\/\/azorenhaus.de\/azorenhaus\/wp-content\/uploads\/2023\/01\/Bauernhaus_kl.jpg\" alt=\"\" class=\"wp-image-546\" srcset=\"https:\/\/azorenhaus.de\/azorenhaus\/wp-content\/uploads\/2023\/01\/Bauernhaus_kl.jpg 879w, https:\/\/azorenhaus.de\/azorenhaus\/wp-content\/uploads\/2023\/01\/Bauernhaus_kl-300x199.jpg 300w, https:\/\/azorenhaus.de\/azorenhaus\/wp-content\/uploads\/2023\/01\/Bauernhaus_kl-768x510.jpg 768w, https:\/\/azorenhaus.de\/azorenhaus\/wp-content\/uploads\/2023\/01\/Bauernhaus_kl-360x240.jpg 360w\" sizes=\"auto, (max-width: 879px) 100vw, 879px\" \/><figcaption class=\"wp-element-caption\">Oft wurden die H\u00e4user in den Hang gebaut. Hier ist noch der Unterstand vorhanden, in dem Ger\u00e4te und der Ochsenkarren untergebracht waren.<\/figcaption><\/figure>\n","protected":false},"excerpt":{"rendered":"<p>Die alten Landh\u00e4user wurden mit Natursteinen ohne M\u00f6rtel errichtet. Lediglich an den Ecken und Kanten wurden behauene Steine verwendet. Die Mauern haben eine St\u00e4rke von 60 bis 70 cm. Es wurden ausnahmslos Satteld\u00e4cher gebaut mit einer geringen Neigung von ca. 25 Grad. Eingedeckt wurden die D\u00e4cher mit einfachen Tonziegeln, sog. [&hellip;]<\/p>\n","protected":false},"author":1,"featured_media":71,"parent":0,"menu_order":0,"comment_status":"closed","ping_status":"closed","template":"","meta":{"footnotes":""},"class_list":["post-35","page","type-page","status-publish","has-post-thumbnail","hentry"],"_links":{"self":[{"href":"https:\/\/azorenhaus.de\/azorenhaus\/wp-json\/wp\/v2\/pages\/35","targetHints":{"allow":["GET"]}}],"collection":[{"href":"https:\/\/azorenhaus.de\/azorenhaus\/wp-json\/wp\/v2\/pages"}],"about":[{"href":"https:\/\/azorenhaus.de\/azorenhaus\/wp-json\/wp\/v2\/types\/page"}],"author":[{"embeddable":true,"href":"https:\/\/azorenhaus.de\/azorenhaus\/wp-json\/wp\/v2\/users\/1"}],"replies":[{"embeddable":true,"href":"https:\/\/azorenhaus.de\/azorenhaus\/wp-json\/wp\/v2\/comments?post=35"}],"version-history":[{"count":7,"href":"https:\/\/azorenhaus.de\/azorenhaus\/wp-json\/wp\/v2\/pages\/35\/revisions"}],"predecessor-version":[{"id":548,"href":"https:\/\/azorenhaus.de\/azorenhaus\/wp-json\/wp\/v2\/pages\/35\/revisions\/548"}],"wp:featuredmedia":[{"embeddable":true,"href":"https:\/\/azorenhaus.de\/azorenhaus\/wp-json\/wp\/v2\/media\/71"}],"wp:attachment":[{"href":"https:\/\/azorenhaus.de\/azorenhaus\/wp-json\/wp\/v2\/media?parent=35"}],"curies":[{"name":"wp","href":"https:\/\/api.w.org\/{rel}","templated":true}]}}