{"id":37,"date":"2019-05-27T06:59:58","date_gmt":"2019-05-27T04:59:58","guid":{"rendered":"http:\/\/azorenhaus.de\/azorenhaus\/?page_id=37"},"modified":"2019-08-23T18:06:31","modified_gmt":"2019-08-23T16:06:31","slug":"stadthaeuser","status":"publish","type":"page","link":"https:\/\/azorenhaus.de\/azorenhaus\/stadthaeuser\/","title":{"rendered":"Stadth\u00e4user"},"content":{"rendered":"\n<p>Die Stadth\u00e4user in der Hauptstadt der Insel Faial sind Zeugen der wechselvollen und manchmal einzigartigen Geschichte. Der Walfang und der damit verbundene Handel vornehmlich mit Amerika, die erste \u00dcbergabestation im Atlantik f\u00fcr die \u00dcberseekalbel im 19. Jahrhundert und der gesch\u00fctzte Hafen, der die Atlantik\u00fcberquerung mit Wasserflugzeugen in den 30er Jahren erm\u00f6glichte, f\u00fchrten zu Wohlstand und repr\u00e4sentativen Bauten. Dass die Mehrheit der Bewohner bis in die sp\u00e4ten 60er Jahre des 20. Jahrhunderts eher in \u00e4rmlichen und beengten Verh\u00e4ltnissen wohnten, davon zeugen die Landh\u00e4user und das H\u00e4uschen in Porto Pim unten in der Galerie.<\/p>\n\n\n\n<ul class=\"wp-block-gallery columns-1 is-cropped wp-block-gallery-1 is-layout-flex wp-block-gallery-is-layout-flex\"><li class=\"blocks-gallery-item\"><figure><img loading=\"lazy\" decoding=\"async\" width=\"474\" height=\"633\" src=\"https:\/\/azorenhaus.de\/azorenhaus\/wp-content\/uploads\/2019\/08\/image008-2.jpg\" alt=\"\" data-id=\"356\" data-link=\"https:\/\/azorenhaus.de\/azorenhaus\/stadthaeuser\/image008-3\/\" class=\"wp-image-356\" srcset=\"https:\/\/azorenhaus.de\/azorenhaus\/wp-content\/uploads\/2019\/08\/image008-2.jpg 474w, https:\/\/azorenhaus.de\/azorenhaus\/wp-content\/uploads\/2019\/08\/image008-2-225x300.jpg 225w\" sizes=\"auto, (max-width: 474px) 100vw, 474px\" \/><figcaption>Wohnhaus an der Promenade<\/figcaption><\/figure><\/li><li class=\"blocks-gallery-item\"><figure><img loading=\"lazy\" decoding=\"async\" width=\"632\" height=\"474\" src=\"https:\/\/azorenhaus.de\/azorenhaus\/wp-content\/uploads\/2019\/08\/image003-1.jpg\" alt=\"\" data-id=\"361\" data-link=\"https:\/\/azorenhaus.de\/azorenhaus\/stadthaeuser\/image003-4\/\" class=\"wp-image-361\" srcset=\"https:\/\/azorenhaus.de\/azorenhaus\/wp-content\/uploads\/2019\/08\/image003-1.jpg 632w, https:\/\/azorenhaus.de\/azorenhaus\/wp-content\/uploads\/2019\/08\/image003-1-300x225.jpg 300w\" sizes=\"auto, (max-width: 632px) 100vw, 632px\" \/><figcaption>Die Haupstra\u00dfe parallel zur Promenade<\/figcaption><\/figure><\/li><li class=\"blocks-gallery-item\"><figure><img loading=\"lazy\" decoding=\"async\" width=\"632\" height=\"474\" src=\"https:\/\/azorenhaus.de\/azorenhaus\/wp-content\/uploads\/2019\/08\/image009-1.jpg\" alt=\"\" data-id=\"357\" data-link=\"https:\/\/azorenhaus.de\/azorenhaus\/stadthaeuser\/image009-4\/\" class=\"wp-image-357\" srcset=\"https:\/\/azorenhaus.de\/azorenhaus\/wp-content\/uploads\/2019\/08\/image009-1.jpg 632w, https:\/\/azorenhaus.de\/azorenhaus\/wp-content\/uploads\/2019\/08\/image009-1-300x225.jpg 300w\" sizes=\"auto, (max-width: 632px) 100vw, 632px\" \/><figcaption>Verwaltung und Kirche sind ein Geb\u00e4udekomplex<\/figcaption><\/figure><\/li><li class=\"blocks-gallery-item\"><figure><img loading=\"lazy\" decoding=\"async\" width=\"685\" height=\"438\" src=\"https:\/\/azorenhaus.de\/azorenhaus\/wp-content\/uploads\/2019\/08\/image005-1.jpg\" alt=\"\" data-id=\"363\" data-link=\"https:\/\/azorenhaus.de\/azorenhaus\/stadthaeuser\/image005-3\/\" class=\"wp-image-363\" srcset=\"https:\/\/azorenhaus.de\/azorenhaus\/wp-content\/uploads\/2019\/08\/image005-1.jpg 685w, https:\/\/azorenhaus.de\/azorenhaus\/wp-content\/uploads\/2019\/08\/image005-1-300x192.jpg 300w\" sizes=\"auto, (max-width: 685px) 100vw, 685px\" \/><figcaption>Auch dieses Verwaltungsgeb\u00e4ude steht neben einer Kirche<\/figcaption><\/figure><\/li><li class=\"blocks-gallery-item\"><figure><img loading=\"lazy\" decoding=\"async\" width=\"632\" height=\"474\" src=\"https:\/\/azorenhaus.de\/azorenhaus\/wp-content\/uploads\/2019\/08\/image004-2.jpg\" alt=\"\" data-id=\"362\" data-link=\"https:\/\/azorenhaus.de\/azorenhaus\/stadthaeuser\/image004-3\/\" class=\"wp-image-362\" srcset=\"https:\/\/azorenhaus.de\/azorenhaus\/wp-content\/uploads\/2019\/08\/image004-2.jpg 632w, https:\/\/azorenhaus.de\/azorenhaus\/wp-content\/uploads\/2019\/08\/image004-2-300x225.jpg 300w\" sizes=\"auto, (max-width: 632px) 100vw, 632px\" \/><figcaption>Fr\u00fcher die Verwaltung einer Handelsgesellschaft<\/figcaption><\/figure><\/li><li class=\"blocks-gallery-item\"><figure><img loading=\"lazy\" decoding=\"async\" width=\"632\" height=\"474\" src=\"https:\/\/azorenhaus.de\/azorenhaus\/wp-content\/uploads\/2019\/08\/image002-1.jpg\" alt=\"\" data-id=\"360\" data-link=\"https:\/\/azorenhaus.de\/azorenhaus\/stadthaeuser\/image002-4\/\" class=\"wp-image-360\" srcset=\"https:\/\/azorenhaus.de\/azorenhaus\/wp-content\/uploads\/2019\/08\/image002-1.jpg 632w, https:\/\/azorenhaus.de\/azorenhaus\/wp-content\/uploads\/2019\/08\/image002-1-300x225.jpg 300w\" sizes=\"auto, (max-width: 632px) 100vw, 632px\" \/><figcaption>Repr\u00e4sentativ am Markt von Horta<\/figcaption><\/figure><\/li><li class=\"blocks-gallery-item\"><figure><img loading=\"lazy\" decoding=\"async\" width=\"632\" height=\"474\" src=\"https:\/\/azorenhaus.de\/azorenhaus\/wp-content\/uploads\/2019\/08\/image001-1.jpg\" alt=\"\" data-id=\"359\" data-link=\"https:\/\/azorenhaus.de\/azorenhaus\/stadthaeuser\/image001-2\/\" class=\"wp-image-359\" srcset=\"https:\/\/azorenhaus.de\/azorenhaus\/wp-content\/uploads\/2019\/08\/image001-1.jpg 632w, https:\/\/azorenhaus.de\/azorenhaus\/wp-content\/uploads\/2019\/08\/image001-1-300x225.jpg 300w\" sizes=\"auto, (max-width: 632px) 100vw, 632px\" \/><figcaption>Dieses Wohnhaus mit <strong>drei <\/strong>Wohneinheiten steht in der Bucht von Porto Pim<\/figcaption><\/figure><\/li><li class=\"blocks-gallery-item\"><figure><img loading=\"lazy\" decoding=\"async\" width=\"516\" height=\"581\" src=\"https:\/\/azorenhaus.de\/azorenhaus\/wp-content\/uploads\/2019\/08\/image007-1.jpg\" alt=\"\" data-id=\"355\" data-link=\"https:\/\/azorenhaus.de\/azorenhaus\/stadthaeuser\/image007-2\/\" class=\"wp-image-355\" srcset=\"https:\/\/azorenhaus.de\/azorenhaus\/wp-content\/uploads\/2019\/08\/image007-1.jpg 516w, https:\/\/azorenhaus.de\/azorenhaus\/wp-content\/uploads\/2019\/08\/image007-1-266x300.jpg 266w\" sizes=\"auto, (max-width: 516px) 100vw, 516px\" \/><figcaption>Hier ist das Finanzamt eingezogen<\/figcaption><\/figure><\/li><li class=\"blocks-gallery-item\"><figure><img loading=\"lazy\" decoding=\"async\" width=\"632\" height=\"474\" src=\"https:\/\/azorenhaus.de\/azorenhaus\/wp-content\/uploads\/2019\/08\/image006-1.jpg\" alt=\"\" data-id=\"354\" data-link=\"https:\/\/azorenhaus.de\/azorenhaus\/stadthaeuser\/image006-3\/\" class=\"wp-image-354\" srcset=\"https:\/\/azorenhaus.de\/azorenhaus\/wp-content\/uploads\/2019\/08\/image006-1.jpg 632w, https:\/\/azorenhaus.de\/azorenhaus\/wp-content\/uploads\/2019\/08\/image006-1-300x225.jpg 300w\" sizes=\"auto, (max-width: 632px) 100vw, 632px\" \/><figcaption>Unten Handel und Werkstatt, oben wurde gewohnt<\/figcaption><\/figure><\/li><li class=\"blocks-gallery-item\"><figure><img loading=\"lazy\" decoding=\"async\" width=\"663\" height=\"453\" src=\"https:\/\/azorenhaus.de\/azorenhaus\/wp-content\/uploads\/2019\/08\/image010-1.jpg\" alt=\"\" data-id=\"358\" data-link=\"https:\/\/azorenhaus.de\/azorenhaus\/stadthaeuser\/image010-3\/\" class=\"wp-image-358\" srcset=\"https:\/\/azorenhaus.de\/azorenhaus\/wp-content\/uploads\/2019\/08\/image010-1.jpg 663w, https:\/\/azorenhaus.de\/azorenhaus\/wp-content\/uploads\/2019\/08\/image010-1-300x205.jpg 300w\" sizes=\"auto, (max-width: 663px) 100vw, 663px\" \/><figcaption>Dieses Haus verf\u00e4llt in Lajes, Pico<\/figcaption><\/figure><\/li><\/ul>\n","protected":false},"excerpt":{"rendered":"<p>Die Stadth\u00e4user in der Hauptstadt der Insel Faial sind Zeugen der wechselvollen und manchmal einzigartigen Geschichte. Der Walfang und der damit verbundene Handel vornehmlich mit Amerika, die erste \u00dcbergabestation im Atlantik f\u00fcr die \u00dcberseekalbel im 19. Jahrhundert und der gesch\u00fctzte Hafen, der die Atlantik\u00fcberquerung mit Wasserflugzeugen in den 30er Jahren [&hellip;]<\/p>\n","protected":false},"author":1,"featured_media":355,"parent":0,"menu_order":0,"comment_status":"closed","ping_status":"closed","template":"","meta":{"footnotes":""},"class_list":["post-37","page","type-page","status-publish","has-post-thumbnail","hentry"],"_links":{"self":[{"href":"https:\/\/azorenhaus.de\/azorenhaus\/wp-json\/wp\/v2\/pages\/37","targetHints":{"allow":["GET"]}}],"collection":[{"href":"https:\/\/azorenhaus.de\/azorenhaus\/wp-json\/wp\/v2\/pages"}],"about":[{"href":"https:\/\/azorenhaus.de\/azorenhaus\/wp-json\/wp\/v2\/types\/page"}],"author":[{"embeddable":true,"href":"https:\/\/azorenhaus.de\/azorenhaus\/wp-json\/wp\/v2\/users\/1"}],"replies":[{"embeddable":true,"href":"https:\/\/azorenhaus.de\/azorenhaus\/wp-json\/wp\/v2\/comments?post=37"}],"version-history":[{"count":4,"href":"https:\/\/azorenhaus.de\/azorenhaus\/wp-json\/wp\/v2\/pages\/37\/revisions"}],"predecessor-version":[{"id":429,"href":"https:\/\/azorenhaus.de\/azorenhaus\/wp-json\/wp\/v2\/pages\/37\/revisions\/429"}],"wp:featuredmedia":[{"embeddable":true,"href":"https:\/\/azorenhaus.de\/azorenhaus\/wp-json\/wp\/v2\/media\/355"}],"wp:attachment":[{"href":"https:\/\/azorenhaus.de\/azorenhaus\/wp-json\/wp\/v2\/media?parent=37"}],"curies":[{"name":"wp","href":"https:\/\/api.w.org\/{rel}","templated":true}]}}