{"id":41,"date":"2019-05-27T07:01:03","date_gmt":"2019-05-27T05:01:03","guid":{"rendered":"http:\/\/azorenhaus.de\/azorenhaus\/?page_id=41"},"modified":"2019-08-23T19:00:40","modified_gmt":"2019-08-23T17:00:40","slug":"details","status":"publish","type":"page","link":"https:\/\/azorenhaus.de\/azorenhaus\/details\/","title":{"rendered":"Details"},"content":{"rendered":"\n<p>Wenn man die alten Geb\u00e4ude der Azoren n\u00e4her betrachtet und etwas genauer die Details unter die Lupe nimmt, zeigt sich ein abwechslungsreiches Bild. In der kleinen Sammlung von Toren erkennt man das Alter, den Verfall und die Bem\u00fchungen die Dinge zu erhalten. Dabei bilden oft die Farben, ihre Verwitterung und der &#8222;Zahn der Zeit&#8220; eine Komposition, die einem Kunstwerk gleich kommt.<\/p>\n\n\n\n<ul class=\"wp-block-gallery columns-2 is-cropped wp-block-gallery-1 is-layout-flex wp-block-gallery-is-layout-flex\"><li class=\"blocks-gallery-item\"><figure><img loading=\"lazy\" decoding=\"async\" width=\"525\" height=\"572\" src=\"https:\/\/azorenhaus.de\/azorenhaus\/wp-content\/uploads\/2019\/08\/image012-4.jpg\" alt=\"\" data-id=\"437\" data-link=\"http:\/\/azorenhaus.de\/details\/image012-4\/\" class=\"wp-image-437\" srcset=\"https:\/\/azorenhaus.de\/azorenhaus\/wp-content\/uploads\/2019\/08\/image012-4.jpg 525w, https:\/\/azorenhaus.de\/azorenhaus\/wp-content\/uploads\/2019\/08\/image012-4-275x300.jpg 275w\" sizes=\"auto, (max-width: 525px) 100vw, 525px\" \/><\/figure><\/li><li class=\"blocks-gallery-item\"><figure><img loading=\"lazy\" decoding=\"async\" width=\"474\" height=\"632\" src=\"https:\/\/azorenhaus.de\/azorenhaus\/wp-content\/uploads\/2019\/08\/image013-4.jpg\" alt=\"\" data-id=\"438\" data-link=\"http:\/\/azorenhaus.de\/details\/image013-4\/\" class=\"wp-image-438\" srcset=\"https:\/\/azorenhaus.de\/azorenhaus\/wp-content\/uploads\/2019\/08\/image013-4.jpg 474w, https:\/\/azorenhaus.de\/azorenhaus\/wp-content\/uploads\/2019\/08\/image013-4-225x300.jpg 225w\" sizes=\"auto, (max-width: 474px) 100vw, 474px\" \/><\/figure><\/li><li class=\"blocks-gallery-item\"><figure><img loading=\"lazy\" decoding=\"async\" width=\"589\" height=\"509\" src=\"https:\/\/azorenhaus.de\/azorenhaus\/wp-content\/uploads\/2019\/08\/image014-3.jpg\" alt=\"\" data-id=\"439\" data-link=\"http:\/\/azorenhaus.de\/details\/image014-3-2\/\" class=\"wp-image-439\" srcset=\"https:\/\/azorenhaus.de\/azorenhaus\/wp-content\/uploads\/2019\/08\/image014-3.jpg 589w, https:\/\/azorenhaus.de\/azorenhaus\/wp-content\/uploads\/2019\/08\/image014-3-300x259.jpg 300w\" sizes=\"auto, (max-width: 589px) 100vw, 589px\" \/><\/figure><\/li><li class=\"blocks-gallery-item\"><figure><img loading=\"lazy\" decoding=\"async\" width=\"472\" height=\"635\" src=\"https:\/\/azorenhaus.de\/azorenhaus\/wp-content\/uploads\/2019\/08\/image016-2.jpg\" alt=\"\" data-id=\"441\" data-link=\"http:\/\/azorenhaus.de\/details\/image016-2\/\" class=\"wp-image-441\" srcset=\"https:\/\/azorenhaus.de\/azorenhaus\/wp-content\/uploads\/2019\/08\/image016-2.jpg 472w, https:\/\/azorenhaus.de\/azorenhaus\/wp-content\/uploads\/2019\/08\/image016-2-223x300.jpg 223w\" sizes=\"auto, (max-width: 472px) 100vw, 472px\" \/><\/figure><\/li><li class=\"blocks-gallery-item\"><figure><img loading=\"lazy\" decoding=\"async\" width=\"644\" height=\"466\" src=\"https:\/\/azorenhaus.de\/azorenhaus\/wp-content\/uploads\/2019\/08\/image017-2.jpg\" alt=\"\" data-id=\"442\" data-link=\"http:\/\/azorenhaus.de\/details\/image017-2-2\/\" class=\"wp-image-442\" srcset=\"https:\/\/azorenhaus.de\/azorenhaus\/wp-content\/uploads\/2019\/08\/image017-2.jpg 644w, https:\/\/azorenhaus.de\/azorenhaus\/wp-content\/uploads\/2019\/08\/image017-2-300x217.jpg 300w\" sizes=\"auto, (max-width: 644px) 100vw, 644px\" \/><\/figure><\/li><li class=\"blocks-gallery-item\"><figure><img loading=\"lazy\" decoding=\"async\" width=\"632\" height=\"474\" src=\"https:\/\/azorenhaus.de\/azorenhaus\/wp-content\/uploads\/2019\/08\/image001-5.jpg\" alt=\"\" data-id=\"443\" data-link=\"http:\/\/azorenhaus.de\/details\/image001-5\/\" class=\"wp-image-443\" srcset=\"https:\/\/azorenhaus.de\/azorenhaus\/wp-content\/uploads\/2019\/08\/image001-5.jpg 632w, https:\/\/azorenhaus.de\/azorenhaus\/wp-content\/uploads\/2019\/08\/image001-5-300x225.jpg 300w\" sizes=\"auto, (max-width: 632px) 100vw, 632px\" \/><\/figure><\/li><li class=\"blocks-gallery-item\"><figure><img loading=\"lazy\" decoding=\"async\" width=\"632\" height=\"474\" src=\"https:\/\/azorenhaus.de\/azorenhaus\/wp-content\/uploads\/2019\/08\/image002-5.jpg\" alt=\"\" data-id=\"444\" data-link=\"http:\/\/azorenhaus.de\/details\/image002-5\/\" class=\"wp-image-444\" srcset=\"https:\/\/azorenhaus.de\/azorenhaus\/wp-content\/uploads\/2019\/08\/image002-5.jpg 632w, https:\/\/azorenhaus.de\/azorenhaus\/wp-content\/uploads\/2019\/08\/image002-5-300x225.jpg 300w\" sizes=\"auto, (max-width: 632px) 100vw, 632px\" \/><\/figure><\/li><li class=\"blocks-gallery-item\"><figure><img loading=\"lazy\" decoding=\"async\" width=\"474\" height=\"632\" src=\"https:\/\/azorenhaus.de\/azorenhaus\/wp-content\/uploads\/2019\/08\/image003-6.jpg\" alt=\"\" data-id=\"445\" data-link=\"http:\/\/azorenhaus.de\/details\/image003-6\/\" class=\"wp-image-445\" srcset=\"https:\/\/azorenhaus.de\/azorenhaus\/wp-content\/uploads\/2019\/08\/image003-6.jpg 474w, https:\/\/azorenhaus.de\/azorenhaus\/wp-content\/uploads\/2019\/08\/image003-6-225x300.jpg 225w\" sizes=\"auto, (max-width: 474px) 100vw, 474px\" \/><\/figure><\/li><li class=\"blocks-gallery-item\"><figure><img loading=\"lazy\" decoding=\"async\" width=\"632\" height=\"474\" src=\"https:\/\/azorenhaus.de\/azorenhaus\/wp-content\/uploads\/2019\/08\/image004-6.jpg\" alt=\"\" data-id=\"446\" data-link=\"http:\/\/azorenhaus.de\/details\/image004-6\/\" class=\"wp-image-446\" srcset=\"https:\/\/azorenhaus.de\/azorenhaus\/wp-content\/uploads\/2019\/08\/image004-6.jpg 632w, https:\/\/azorenhaus.de\/azorenhaus\/wp-content\/uploads\/2019\/08\/image004-6-300x225.jpg 300w\" sizes=\"auto, (max-width: 632px) 100vw, 632px\" \/><\/figure><\/li><li class=\"blocks-gallery-item\"><figure><img loading=\"lazy\" decoding=\"async\" width=\"632\" height=\"474\" src=\"https:\/\/azorenhaus.de\/azorenhaus\/wp-content\/uploads\/2019\/08\/image009-4.jpg\" alt=\"\" data-id=\"451\" data-link=\"http:\/\/azorenhaus.de\/details\/image009-4-2\/\" class=\"wp-image-451\" srcset=\"https:\/\/azorenhaus.de\/azorenhaus\/wp-content\/uploads\/2019\/08\/image009-4.jpg 632w, https:\/\/azorenhaus.de\/azorenhaus\/wp-content\/uploads\/2019\/08\/image009-4-300x225.jpg 300w\" sizes=\"auto, (max-width: 632px) 100vw, 632px\" \/><\/figure><\/li><li class=\"blocks-gallery-item\"><figure><img loading=\"lazy\" decoding=\"async\" width=\"453\" height=\"662\" src=\"https:\/\/azorenhaus.de\/azorenhaus\/wp-content\/uploads\/2019\/08\/image008-5.jpg\" alt=\"\" data-id=\"450\" data-link=\"http:\/\/azorenhaus.de\/details\/image008-5\/\" class=\"wp-image-450\" srcset=\"https:\/\/azorenhaus.de\/azorenhaus\/wp-content\/uploads\/2019\/08\/image008-5.jpg 453w, https:\/\/azorenhaus.de\/azorenhaus\/wp-content\/uploads\/2019\/08\/image008-5-205x300.jpg 205w\" sizes=\"auto, (max-width: 453px) 100vw, 453px\" \/><\/figure><\/li><li class=\"blocks-gallery-item\"><figure><img loading=\"lazy\" decoding=\"async\" width=\"474\" height=\"632\" src=\"https:\/\/azorenhaus.de\/azorenhaus\/wp-content\/uploads\/2019\/08\/image006-4.jpg\" alt=\"\" data-id=\"448\" data-link=\"http:\/\/azorenhaus.de\/details\/image006-4\/\" class=\"wp-image-448\" srcset=\"https:\/\/azorenhaus.de\/azorenhaus\/wp-content\/uploads\/2019\/08\/image006-4.jpg 474w, https:\/\/azorenhaus.de\/azorenhaus\/wp-content\/uploads\/2019\/08\/image006-4-225x300.jpg 225w\" sizes=\"auto, (max-width: 474px) 100vw, 474px\" \/><\/figure><\/li><li class=\"blocks-gallery-item\"><figure><img loading=\"lazy\" decoding=\"async\" width=\"500\" height=\"599\" src=\"https:\/\/azorenhaus.de\/azorenhaus\/wp-content\/uploads\/2019\/08\/image007-4.jpg\" alt=\"\" data-id=\"449\" data-link=\"http:\/\/azorenhaus.de\/details\/image007-4\/\" class=\"wp-image-449\" srcset=\"https:\/\/azorenhaus.de\/azorenhaus\/wp-content\/uploads\/2019\/08\/image007-4.jpg 500w, https:\/\/azorenhaus.de\/azorenhaus\/wp-content\/uploads\/2019\/08\/image007-4-250x300.jpg 250w\" sizes=\"auto, (max-width: 500px) 100vw, 500px\" \/><\/figure><\/li><li class=\"blocks-gallery-item\"><figure><img loading=\"lazy\" decoding=\"async\" width=\"508\" height=\"591\" src=\"https:\/\/azorenhaus.de\/azorenhaus\/wp-content\/uploads\/2019\/08\/image011-3.jpg\" alt=\"\" data-id=\"453\" data-link=\"http:\/\/azorenhaus.de\/details\/image011-3\/\" class=\"wp-image-453\" srcset=\"https:\/\/azorenhaus.de\/azorenhaus\/wp-content\/uploads\/2019\/08\/image011-3.jpg 508w, https:\/\/azorenhaus.de\/azorenhaus\/wp-content\/uploads\/2019\/08\/image011-3-258x300.jpg 258w\" sizes=\"auto, (max-width: 508px) 100vw, 508px\" \/><\/figure><\/li><li class=\"blocks-gallery-item\"><figure><img loading=\"lazy\" decoding=\"async\" width=\"463\" height=\"648\" src=\"https:\/\/azorenhaus.de\/azorenhaus\/wp-content\/uploads\/2019\/08\/image015-2.jpg\" alt=\"\" data-id=\"440\" data-link=\"http:\/\/azorenhaus.de\/details\/image015-2\/\" class=\"wp-image-440\" srcset=\"https:\/\/azorenhaus.de\/azorenhaus\/wp-content\/uploads\/2019\/08\/image015-2.jpg 463w, https:\/\/azorenhaus.de\/azorenhaus\/wp-content\/uploads\/2019\/08\/image015-2-214x300.jpg 214w\" sizes=\"auto, (max-width: 463px) 100vw, 463px\" \/><\/figure><\/li><li class=\"blocks-gallery-item\"><figure><img loading=\"lazy\" decoding=\"async\" width=\"582\" height=\"516\" src=\"https:\/\/azorenhaus.de\/azorenhaus\/wp-content\/uploads\/2019\/08\/image010-4.jpg\" alt=\"\" data-id=\"452\" data-link=\"http:\/\/azorenhaus.de\/details\/image010-4\/\" class=\"wp-image-452\" srcset=\"https:\/\/azorenhaus.de\/azorenhaus\/wp-content\/uploads\/2019\/08\/image010-4.jpg 582w, https:\/\/azorenhaus.de\/azorenhaus\/wp-content\/uploads\/2019\/08\/image010-4-300x266.jpg 300w\" sizes=\"auto, (max-width: 582px) 100vw, 582px\" \/><\/figure><\/li><li class=\"blocks-gallery-item\"><figure><img loading=\"lazy\" decoding=\"async\" width=\"632\" height=\"474\" src=\"https:\/\/azorenhaus.de\/azorenhaus\/wp-content\/uploads\/2019\/08\/image005-4.jpg\" alt=\"\" data-id=\"447\" data-link=\"http:\/\/azorenhaus.de\/details\/image005-4\/\" class=\"wp-image-447\" srcset=\"https:\/\/azorenhaus.de\/azorenhaus\/wp-content\/uploads\/2019\/08\/image005-4.jpg 632w, https:\/\/azorenhaus.de\/azorenhaus\/wp-content\/uploads\/2019\/08\/image005-4-300x225.jpg 300w\" sizes=\"auto, (max-width: 632px) 100vw, 632px\" \/><\/figure><\/li><\/ul>\n\n\n\n<p>Schaut man genauer auf die alten Steinmauern oder die D\u00e4cher, wirken sie nicht wie tote Materie, sondern bekommen eine Sch\u00f6nheit, fast wie lebendige Gem\u00e4lde. <\/p>\n\n\n\n<ul class=\"wp-block-gallery columns-1 is-cropped wp-block-gallery-2 is-layout-flex wp-block-gallery-is-layout-flex\"><li class=\"blocks-gallery-item\"><figure><img loading=\"lazy\" decoding=\"async\" width=\"632\" height=\"474\" src=\"https:\/\/azorenhaus.de\/azorenhaus\/wp-content\/uploads\/2019\/08\/image003-5.jpg\" alt=\"\" data-id=\"433\" data-link=\"http:\/\/azorenhaus.de\/details\/image003-5\/\" class=\"wp-image-433\" srcset=\"https:\/\/azorenhaus.de\/azorenhaus\/wp-content\/uploads\/2019\/08\/image003-5.jpg 632w, https:\/\/azorenhaus.de\/azorenhaus\/wp-content\/uploads\/2019\/08\/image003-5-300x225.jpg 300w\" sizes=\"auto, (max-width: 632px) 100vw, 632px\" \/><\/figure><\/li><li class=\"blocks-gallery-item\"><figure><img loading=\"lazy\" decoding=\"async\" width=\"632\" height=\"474\" src=\"https:\/\/azorenhaus.de\/azorenhaus\/wp-content\/uploads\/2019\/08\/image004-5.jpg\" alt=\"\" data-id=\"434\" data-link=\"http:\/\/azorenhaus.de\/details\/image004-5\/\" class=\"wp-image-434\" srcset=\"https:\/\/azorenhaus.de\/azorenhaus\/wp-content\/uploads\/2019\/08\/image004-5.jpg 632w, https:\/\/azorenhaus.de\/azorenhaus\/wp-content\/uploads\/2019\/08\/image004-5-300x225.jpg 300w\" sizes=\"auto, (max-width: 632px) 100vw, 632px\" \/><\/figure><\/li><li class=\"blocks-gallery-item\"><figure><img loading=\"lazy\" decoding=\"async\" width=\"632\" height=\"474\" src=\"https:\/\/azorenhaus.de\/azorenhaus\/wp-content\/uploads\/2019\/08\/image001-4.jpg\" alt=\"\" data-id=\"435\" data-link=\"http:\/\/azorenhaus.de\/details\/image001-4\/\" class=\"wp-image-435\" srcset=\"https:\/\/azorenhaus.de\/azorenhaus\/wp-content\/uploads\/2019\/08\/image001-4.jpg 632w, https:\/\/azorenhaus.de\/azorenhaus\/wp-content\/uploads\/2019\/08\/image001-4-300x225.jpg 300w\" sizes=\"auto, (max-width: 632px) 100vw, 632px\" \/><\/figure><\/li><li class=\"blocks-gallery-item\"><figure><img loading=\"lazy\" decoding=\"async\" width=\"632\" height=\"474\" src=\"https:\/\/azorenhaus.de\/azorenhaus\/wp-content\/uploads\/2019\/08\/image002-4.jpg\" alt=\"\" data-id=\"436\" data-link=\"http:\/\/azorenhaus.de\/details\/image002-4-2\/\" class=\"wp-image-436\" srcset=\"https:\/\/azorenhaus.de\/azorenhaus\/wp-content\/uploads\/2019\/08\/image002-4.jpg 632w, https:\/\/azorenhaus.de\/azorenhaus\/wp-content\/uploads\/2019\/08\/image002-4-300x225.jpg 300w\" sizes=\"auto, (max-width: 632px) 100vw, 632px\" \/><\/figure><\/li><\/ul>\n","protected":false},"excerpt":{"rendered":"<p>Wenn man die alten Geb\u00e4ude der Azoren n\u00e4her betrachtet und etwas genauer die Details unter die Lupe nimmt, zeigt sich ein abwechslungsreiches Bild. In der kleinen Sammlung von Toren erkennt man das Alter, den Verfall und die Bem\u00fchungen die Dinge zu erhalten. Dabei bilden oft die Farben, ihre Verwitterung und [&hellip;]<\/p>\n","protected":false},"author":1,"featured_media":436,"parent":0,"menu_order":0,"comment_status":"closed","ping_status":"closed","template":"","meta":{"footnotes":""},"class_list":["post-41","page","type-page","status-publish","has-post-thumbnail","hentry"],"_links":{"self":[{"href":"https:\/\/azorenhaus.de\/azorenhaus\/wp-json\/wp\/v2\/pages\/41","targetHints":{"allow":["GET"]}}],"collection":[{"href":"https:\/\/azorenhaus.de\/azorenhaus\/wp-json\/wp\/v2\/pages"}],"about":[{"href":"https:\/\/azorenhaus.de\/azorenhaus\/wp-json\/wp\/v2\/types\/page"}],"author":[{"embeddable":true,"href":"https:\/\/azorenhaus.de\/azorenhaus\/wp-json\/wp\/v2\/users\/1"}],"replies":[{"embeddable":true,"href":"https:\/\/azorenhaus.de\/azorenhaus\/wp-json\/wp\/v2\/comments?post=41"}],"version-history":[{"count":3,"href":"https:\/\/azorenhaus.de\/azorenhaus\/wp-json\/wp\/v2\/pages\/41\/revisions"}],"predecessor-version":[{"id":456,"href":"https:\/\/azorenhaus.de\/azorenhaus\/wp-json\/wp\/v2\/pages\/41\/revisions\/456"}],"wp:featuredmedia":[{"embeddable":true,"href":"https:\/\/azorenhaus.de\/azorenhaus\/wp-json\/wp\/v2\/media\/436"}],"wp:attachment":[{"href":"https:\/\/azorenhaus.de\/azorenhaus\/wp-json\/wp\/v2\/media?parent=41"}],"curies":[{"name":"wp","href":"https:\/\/api.w.org\/{rel}","templated":true}]}}