{"id":43,"date":"2019-05-27T07:01:24","date_gmt":"2019-05-27T05:01:24","guid":{"rendered":"http:\/\/azorenhaus.de\/azorenhaus\/?page_id=43"},"modified":"2019-08-15T18:24:07","modified_gmt":"2019-08-15T16:24:07","slug":"kirchen","status":"publish","type":"page","link":"https:\/\/azorenhaus.de\/azorenhaus\/kirchen\/","title":{"rendered":"Kirchen"},"content":{"rendered":"\n<p class=\"has-drop-cap\">Kirchen auf den Azoren sind die beeindruckendsten Geb\u00e4ude und sie haben alle einen \u00e4hnlichen Stil. Aus dunklen vulkanischen Natursteinen errichtet, die sichtbar an den R\u00e4ndern mit den wei\u00df verputzten Fl\u00e4chen kontrastieren. Auch Fenster und T\u00fcren sind meist kunstvoll mit diesen Natursteinen eingefasst. Einige dieser Meisterwerke der heimischen Handwerkskunst wurden leider auf Faial beim letzten Erdbeben zerst\u00f6rt, bzw. stark besch\u00e4digt. Da ein erdbebensicherer Wiederaufbau nicht finanzierbar ist, werden sie wohl nur als Ruinen \u00fcberleben oder ganz verschwinden. In der Galerie sind ausschlie\u00dflich einige der Kirchen von Faial und Pico zu sehen.<\/p>\n\n\n\n<ul class=\"wp-block-gallery columns-1 is-cropped wp-block-gallery-1 is-layout-flex wp-block-gallery-is-layout-flex\"><li class=\"blocks-gallery-item\"><figure><img loading=\"lazy\" decoding=\"async\" width=\"646\" height=\"464\" src=\"https:\/\/azorenhaus.de\/azorenhaus\/wp-content\/uploads\/2019\/08\/image016-1.jpg\" alt=\"\" data-id=\"392\" data-link=\"https:\/\/azorenhaus.de\/azorenhaus\/kirchen\/image016-1\/\" class=\"wp-image-392\" srcset=\"https:\/\/azorenhaus.de\/azorenhaus\/wp-content\/uploads\/2019\/08\/image016-1.jpg 646w, https:\/\/azorenhaus.de\/azorenhaus\/wp-content\/uploads\/2019\/08\/image016-1-300x215.jpg 300w\" sizes=\"auto, (max-width: 646px) 100vw, 646px\" \/><\/figure><\/li><li class=\"blocks-gallery-item\"><figure><img loading=\"lazy\" decoding=\"async\" width=\"474\" height=\"632\" src=\"https:\/\/azorenhaus.de\/azorenhaus\/wp-content\/uploads\/2019\/08\/image017-1.jpg\" alt=\"\" data-id=\"393\" data-link=\"https:\/\/azorenhaus.de\/azorenhaus\/kirchen\/image017-1\/\" class=\"wp-image-393\" srcset=\"https:\/\/azorenhaus.de\/azorenhaus\/wp-content\/uploads\/2019\/08\/image017-1.jpg 474w, https:\/\/azorenhaus.de\/azorenhaus\/wp-content\/uploads\/2019\/08\/image017-1-225x300.jpg 225w\" sizes=\"auto, (max-width: 474px) 100vw, 474px\" \/><\/figure><\/li><li class=\"blocks-gallery-item\"><figure><img loading=\"lazy\" decoding=\"async\" width=\"632\" height=\"474\" src=\"https:\/\/azorenhaus.de\/azorenhaus\/wp-content\/uploads\/2019\/08\/image018-1.jpg\" alt=\"\" data-id=\"394\" data-link=\"https:\/\/azorenhaus.de\/azorenhaus\/kirchen\/image018-1\/\" class=\"wp-image-394\" srcset=\"https:\/\/azorenhaus.de\/azorenhaus\/wp-content\/uploads\/2019\/08\/image018-1.jpg 632w, https:\/\/azorenhaus.de\/azorenhaus\/wp-content\/uploads\/2019\/08\/image018-1-300x225.jpg 300w\" sizes=\"auto, (max-width: 632px) 100vw, 632px\" \/><\/figure><\/li><li class=\"blocks-gallery-item\"><figure><img loading=\"lazy\" decoding=\"async\" width=\"474\" height=\"632\" src=\"https:\/\/azorenhaus.de\/azorenhaus\/wp-content\/uploads\/2019\/08\/image019.jpg\" alt=\"\" data-id=\"395\" data-link=\"https:\/\/azorenhaus.de\/azorenhaus\/kirchen\/image019\/\" class=\"wp-image-395\" srcset=\"https:\/\/azorenhaus.de\/azorenhaus\/wp-content\/uploads\/2019\/08\/image019.jpg 474w, https:\/\/azorenhaus.de\/azorenhaus\/wp-content\/uploads\/2019\/08\/image019-225x300.jpg 225w\" sizes=\"auto, (max-width: 474px) 100vw, 474px\" \/><\/figure><\/li><li class=\"blocks-gallery-item\"><figure><img loading=\"lazy\" decoding=\"async\" width=\"647\" height=\"464\" src=\"https:\/\/azorenhaus.de\/azorenhaus\/wp-content\/uploads\/2019\/08\/image020.jpg\" alt=\"\" data-id=\"396\" data-link=\"https:\/\/azorenhaus.de\/azorenhaus\/kirchen\/image020-2\/\" class=\"wp-image-396\" srcset=\"https:\/\/azorenhaus.de\/azorenhaus\/wp-content\/uploads\/2019\/08\/image020.jpg 647w, https:\/\/azorenhaus.de\/azorenhaus\/wp-content\/uploads\/2019\/08\/image020-300x215.jpg 300w\" sizes=\"auto, (max-width: 647px) 100vw, 647px\" \/><\/figure><\/li><li class=\"blocks-gallery-item\"><figure><img loading=\"lazy\" decoding=\"async\" width=\"632\" height=\"474\" src=\"https:\/\/azorenhaus.de\/azorenhaus\/wp-content\/uploads\/2019\/08\/image021.jpg\" alt=\"\" data-id=\"397\" data-link=\"https:\/\/azorenhaus.de\/azorenhaus\/kirchen\/exif_jpeg_picture-2\/\" class=\"wp-image-397\" srcset=\"https:\/\/azorenhaus.de\/azorenhaus\/wp-content\/uploads\/2019\/08\/image021.jpg 632w, https:\/\/azorenhaus.de\/azorenhaus\/wp-content\/uploads\/2019\/08\/image021-300x225.jpg 300w\" sizes=\"auto, (max-width: 632px) 100vw, 632px\" \/><figcaption>Exif_JPEG_PICTURE<\/figcaption><\/figure><\/li><li class=\"blocks-gallery-item\"><figure><img loading=\"lazy\" decoding=\"async\" width=\"474\" height=\"632\" src=\"https:\/\/azorenhaus.de\/azorenhaus\/wp-content\/uploads\/2019\/08\/image001-3.jpg\" alt=\"\" data-id=\"398\" data-link=\"https:\/\/azorenhaus.de\/azorenhaus\/kirchen\/image001-3\/\" class=\"wp-image-398\" srcset=\"https:\/\/azorenhaus.de\/azorenhaus\/wp-content\/uploads\/2019\/08\/image001-3.jpg 474w, https:\/\/azorenhaus.de\/azorenhaus\/wp-content\/uploads\/2019\/08\/image001-3-225x300.jpg 225w\" sizes=\"auto, (max-width: 474px) 100vw, 474px\" \/><\/figure><\/li><li class=\"blocks-gallery-item\"><figure><img loading=\"lazy\" decoding=\"async\" width=\"474\" height=\"632\" src=\"https:\/\/azorenhaus.de\/azorenhaus\/wp-content\/uploads\/2019\/08\/image002-3.jpg\" alt=\"\" data-id=\"399\" data-link=\"https:\/\/azorenhaus.de\/azorenhaus\/kirchen\/image002-3-2\/\" class=\"wp-image-399\" srcset=\"https:\/\/azorenhaus.de\/azorenhaus\/wp-content\/uploads\/2019\/08\/image002-3.jpg 474w, https:\/\/azorenhaus.de\/azorenhaus\/wp-content\/uploads\/2019\/08\/image002-3-225x300.jpg 225w\" sizes=\"auto, (max-width: 474px) 100vw, 474px\" \/><\/figure><\/li><li class=\"blocks-gallery-item\"><figure><img loading=\"lazy\" decoding=\"async\" width=\"632\" height=\"474\" src=\"https:\/\/azorenhaus.de\/azorenhaus\/wp-content\/uploads\/2019\/08\/image003-3.jpg\" alt=\"\" data-id=\"400\" data-link=\"https:\/\/azorenhaus.de\/azorenhaus\/kirchen\/image003-3-2\/\" class=\"wp-image-400\" srcset=\"https:\/\/azorenhaus.de\/azorenhaus\/wp-content\/uploads\/2019\/08\/image003-3.jpg 632w, https:\/\/azorenhaus.de\/azorenhaus\/wp-content\/uploads\/2019\/08\/image003-3-300x225.jpg 300w\" sizes=\"auto, (max-width: 632px) 100vw, 632px\" \/><\/figure><\/li><li class=\"blocks-gallery-item\"><figure><img loading=\"lazy\" decoding=\"async\" width=\"632\" height=\"474\" src=\"https:\/\/azorenhaus.de\/azorenhaus\/wp-content\/uploads\/2019\/08\/image004-4.jpg\" alt=\"\" data-id=\"401\" data-link=\"https:\/\/azorenhaus.de\/azorenhaus\/kirchen\/image004-4\/\" class=\"wp-image-401\" srcset=\"https:\/\/azorenhaus.de\/azorenhaus\/wp-content\/uploads\/2019\/08\/image004-4.jpg 632w, https:\/\/azorenhaus.de\/azorenhaus\/wp-content\/uploads\/2019\/08\/image004-4-300x225.jpg 300w\" sizes=\"auto, (max-width: 632px) 100vw, 632px\" \/><\/figure><\/li><li class=\"blocks-gallery-item\"><figure><img loading=\"lazy\" decoding=\"async\" width=\"632\" height=\"474\" src=\"https:\/\/azorenhaus.de\/azorenhaus\/wp-content\/uploads\/2019\/08\/image005-3.jpg\" alt=\"\" data-id=\"402\" data-link=\"https:\/\/azorenhaus.de\/azorenhaus\/kirchen\/image005-3-2\/\" class=\"wp-image-402\" srcset=\"https:\/\/azorenhaus.de\/azorenhaus\/wp-content\/uploads\/2019\/08\/image005-3.jpg 632w, https:\/\/azorenhaus.de\/azorenhaus\/wp-content\/uploads\/2019\/08\/image005-3-300x225.jpg 300w\" sizes=\"auto, (max-width: 632px) 100vw, 632px\" \/><\/figure><\/li><li class=\"blocks-gallery-item\"><figure><img loading=\"lazy\" decoding=\"async\" width=\"632\" height=\"474\" src=\"https:\/\/azorenhaus.de\/azorenhaus\/wp-content\/uploads\/2019\/08\/image009-3.jpg\" alt=\"\" data-id=\"406\" data-link=\"https:\/\/azorenhaus.de\/azorenhaus\/kirchen\/image009-3-2\/\" class=\"wp-image-406\" srcset=\"https:\/\/azorenhaus.de\/azorenhaus\/wp-content\/uploads\/2019\/08\/image009-3.jpg 632w, https:\/\/azorenhaus.de\/azorenhaus\/wp-content\/uploads\/2019\/08\/image009-3-300x225.jpg 300w\" sizes=\"auto, (max-width: 632px) 100vw, 632px\" \/><\/figure><\/li><li class=\"blocks-gallery-item\"><figure><img loading=\"lazy\" decoding=\"async\" width=\"632\" height=\"474\" src=\"https:\/\/azorenhaus.de\/azorenhaus\/wp-content\/uploads\/2019\/08\/image010-3.jpg\" alt=\"\" data-id=\"407\" data-link=\"https:\/\/azorenhaus.de\/azorenhaus\/kirchen\/image010-3-2\/\" class=\"wp-image-407\" srcset=\"https:\/\/azorenhaus.de\/azorenhaus\/wp-content\/uploads\/2019\/08\/image010-3.jpg 632w, https:\/\/azorenhaus.de\/azorenhaus\/wp-content\/uploads\/2019\/08\/image010-3-300x225.jpg 300w\" sizes=\"auto, (max-width: 632px) 100vw, 632px\" \/><\/figure><\/li><li class=\"blocks-gallery-item\"><figure><img loading=\"lazy\" decoding=\"async\" width=\"632\" height=\"474\" src=\"https:\/\/azorenhaus.de\/azorenhaus\/wp-content\/uploads\/2019\/08\/image011-2.jpg\" alt=\"\" data-id=\"408\" data-link=\"https:\/\/azorenhaus.de\/azorenhaus\/kirchen\/image011-2-2\/\" class=\"wp-image-408\" srcset=\"https:\/\/azorenhaus.de\/azorenhaus\/wp-content\/uploads\/2019\/08\/image011-2.jpg 632w, https:\/\/azorenhaus.de\/azorenhaus\/wp-content\/uploads\/2019\/08\/image011-2-300x225.jpg 300w\" sizes=\"auto, (max-width: 632px) 100vw, 632px\" \/><\/figure><\/li><li class=\"blocks-gallery-item\"><figure><img loading=\"lazy\" decoding=\"async\" width=\"632\" height=\"474\" src=\"https:\/\/azorenhaus.de\/azorenhaus\/wp-content\/uploads\/2019\/08\/image012-3.jpg\" alt=\"\" data-id=\"409\" data-link=\"https:\/\/azorenhaus.de\/azorenhaus\/kirchen\/image012-3\/\" class=\"wp-image-409\" srcset=\"https:\/\/azorenhaus.de\/azorenhaus\/wp-content\/uploads\/2019\/08\/image012-3.jpg 632w, https:\/\/azorenhaus.de\/azorenhaus\/wp-content\/uploads\/2019\/08\/image012-3-300x225.jpg 300w\" sizes=\"auto, (max-width: 632px) 100vw, 632px\" \/><\/figure><\/li><li class=\"blocks-gallery-item\"><figure><img loading=\"lazy\" decoding=\"async\" width=\"474\" height=\"632\" src=\"https:\/\/azorenhaus.de\/azorenhaus\/wp-content\/uploads\/2019\/08\/image013-3.jpg\" alt=\"\" data-id=\"410\" data-link=\"https:\/\/azorenhaus.de\/azorenhaus\/kirchen\/image013-3\/\" class=\"wp-image-410\" srcset=\"https:\/\/azorenhaus.de\/azorenhaus\/wp-content\/uploads\/2019\/08\/image013-3.jpg 474w, https:\/\/azorenhaus.de\/azorenhaus\/wp-content\/uploads\/2019\/08\/image013-3-225x300.jpg 225w\" sizes=\"auto, (max-width: 474px) 100vw, 474px\" \/><\/figure><\/li><li class=\"blocks-gallery-item\"><figure><img loading=\"lazy\" decoding=\"async\" width=\"632\" height=\"474\" src=\"https:\/\/azorenhaus.de\/azorenhaus\/wp-content\/uploads\/2019\/08\/image014-2.jpg\" alt=\"\" data-id=\"411\" data-link=\"https:\/\/azorenhaus.de\/azorenhaus\/kirchen\/image014-2-2\/\" class=\"wp-image-411\" srcset=\"https:\/\/azorenhaus.de\/azorenhaus\/wp-content\/uploads\/2019\/08\/image014-2.jpg 632w, https:\/\/azorenhaus.de\/azorenhaus\/wp-content\/uploads\/2019\/08\/image014-2-300x225.jpg 300w\" sizes=\"auto, (max-width: 632px) 100vw, 632px\" \/><\/figure><\/li><li class=\"blocks-gallery-item\"><figure><img loading=\"lazy\" decoding=\"async\" width=\"632\" height=\"475\" src=\"https:\/\/azorenhaus.de\/azorenhaus\/wp-content\/uploads\/2019\/08\/image015-1.jpg\" alt=\"\" data-id=\"412\" data-link=\"https:\/\/azorenhaus.de\/azorenhaus\/kirchen\/image015-1\/\" class=\"wp-image-412\" srcset=\"https:\/\/azorenhaus.de\/azorenhaus\/wp-content\/uploads\/2019\/08\/image015-1.jpg 632w, https:\/\/azorenhaus.de\/azorenhaus\/wp-content\/uploads\/2019\/08\/image015-1-300x225.jpg 300w\" sizes=\"auto, (max-width: 632px) 100vw, 632px\" \/><\/figure><\/li><\/ul>\n","protected":false},"excerpt":{"rendered":"<p>Kirchen auf den Azoren sind die beeindruckendsten Geb\u00e4ude und sie haben alle einen \u00e4hnlichen Stil. Aus dunklen vulkanischen Natursteinen errichtet, die sichtbar an den R\u00e4ndern mit den wei\u00df verputzten Fl\u00e4chen kontrastieren. Auch Fenster und T\u00fcren sind meist kunstvoll mit diesen Natursteinen eingefasst. Einige dieser Meisterwerke der heimischen Handwerkskunst wurden leider [&hellip;]<\/p>\n","protected":false},"author":1,"featured_media":390,"parent":0,"menu_order":0,"comment_status":"closed","ping_status":"closed","template":"","meta":{"footnotes":""},"class_list":["post-43","page","type-page","status-publish","has-post-thumbnail","hentry"],"_links":{"self":[{"href":"https:\/\/azorenhaus.de\/azorenhaus\/wp-json\/wp\/v2\/pages\/43","targetHints":{"allow":["GET"]}}],"collection":[{"href":"https:\/\/azorenhaus.de\/azorenhaus\/wp-json\/wp\/v2\/pages"}],"about":[{"href":"https:\/\/azorenhaus.de\/azorenhaus\/wp-json\/wp\/v2\/types\/page"}],"author":[{"embeddable":true,"href":"https:\/\/azorenhaus.de\/azorenhaus\/wp-json\/wp\/v2\/users\/1"}],"replies":[{"embeddable":true,"href":"https:\/\/azorenhaus.de\/azorenhaus\/wp-json\/wp\/v2\/comments?post=43"}],"version-history":[{"count":2,"href":"https:\/\/azorenhaus.de\/azorenhaus\/wp-json\/wp\/v2\/pages\/43\/revisions"}],"predecessor-version":[{"id":413,"href":"https:\/\/azorenhaus.de\/azorenhaus\/wp-json\/wp\/v2\/pages\/43\/revisions\/413"}],"wp:featuredmedia":[{"embeddable":true,"href":"https:\/\/azorenhaus.de\/azorenhaus\/wp-json\/wp\/v2\/media\/390"}],"wp:attachment":[{"href":"https:\/\/azorenhaus.de\/azorenhaus\/wp-json\/wp\/v2\/media?parent=43"}],"curies":[{"name":"wp","href":"https:\/\/api.w.org\/{rel}","templated":true}]}}