{"id":62,"date":"2019-05-27T07:09:58","date_gmt":"2019-05-27T05:09:58","guid":{"rendered":"http:\/\/azorenhaus.de\/azorenhaus\/?page_id=62"},"modified":"2020-10-29T16:12:20","modified_gmt":"2020-10-29T15:12:20","slug":"aktivitaeten","status":"publish","type":"page","link":"https:\/\/azorenhaus.de\/azorenhaus\/aktivitaeten\/","title":{"rendered":"Aktivit\u00e4ten"},"content":{"rendered":"\n<p class=\"has-drop-cap\">Wandern und Entdecken, Natur genie\u00dfen, die Wale beobachten, die Vulkane erkunden, die Seele baumeln lassen oder einfach im Atlantik schwimmen gehen, den frischen Fisch vom Grill probieren oder sportlich mit dem Rennrad die Insel Faial umrunden, es gibt so viele M\u00f6glichkeiten. <\/p>\n\n\n\n<ul class=\"wp-block-gallery columns-1 is-cropped wp-block-gallery-1 is-layout-flex wp-block-gallery-is-layout-flex\"><li class=\"blocks-gallery-item\"><figure><img loading=\"lazy\" decoding=\"async\" width=\"1024\" height=\"768\" src=\"https:\/\/azorenhaus.de\/azorenhaus\/wp-content\/uploads\/2019\/07\/image006-1024x768.jpg\" alt=\"\" data-id=\"295\" data-link=\"https:\/\/azorenhaus.de\/azorenhaus\/faial\/image006\/\" class=\"wp-image-295\" srcset=\"https:\/\/azorenhaus.de\/azorenhaus\/wp-content\/uploads\/2019\/07\/image006-1024x768.jpg 1024w, https:\/\/azorenhaus.de\/azorenhaus\/wp-content\/uploads\/2019\/07\/image006-300x225.jpg 300w, https:\/\/azorenhaus.de\/azorenhaus\/wp-content\/uploads\/2019\/07\/image006-768x576.jpg 768w, https:\/\/azorenhaus.de\/azorenhaus\/wp-content\/uploads\/2019\/07\/image006.jpg 1600w\" sizes=\"auto, (max-width: 1024px) 100vw, 1024px\" \/><figcaption>Capelinhos von Varadouro<\/figcaption><\/figure><\/li><li class=\"blocks-gallery-item\"><figure><img loading=\"lazy\" decoding=\"async\" width=\"1024\" height=\"768\" src=\"https:\/\/azorenhaus.de\/azorenhaus\/wp-content\/uploads\/2019\/08\/image008-1024x768.jpg\" alt=\"\" data-id=\"320\" data-link=\"https:\/\/azorenhaus.de\/azorenhaus\/image008-2\/\" class=\"wp-image-320\" srcset=\"https:\/\/azorenhaus.de\/azorenhaus\/wp-content\/uploads\/2019\/08\/image008-1024x768.jpg 1024w, https:\/\/azorenhaus.de\/azorenhaus\/wp-content\/uploads\/2019\/08\/image008-300x225.jpg 300w, https:\/\/azorenhaus.de\/azorenhaus\/wp-content\/uploads\/2019\/08\/image008-768x576.jpg 768w, https:\/\/azorenhaus.de\/azorenhaus\/wp-content\/uploads\/2019\/08\/image008.jpg 1600w\" sizes=\"auto, (max-width: 1024px) 100vw, 1024px\" \/><\/figure><\/li><li class=\"blocks-gallery-item\"><figure><img loading=\"lazy\" decoding=\"async\" width=\"768\" height=\"1024\" src=\"https:\/\/azorenhaus.de\/azorenhaus\/wp-content\/uploads\/2019\/08\/image012-768x1024.jpg\" alt=\"\" data-id=\"321\" data-link=\"https:\/\/azorenhaus.de\/azorenhaus\/image012-2\/\" class=\"wp-image-321\" srcset=\"https:\/\/azorenhaus.de\/azorenhaus\/wp-content\/uploads\/2019\/08\/image012-768x1024.jpg 768w, https:\/\/azorenhaus.de\/azorenhaus\/wp-content\/uploads\/2019\/08\/image012-225x300.jpg 225w, https:\/\/azorenhaus.de\/azorenhaus\/wp-content\/uploads\/2019\/08\/image012.jpg 1200w\" sizes=\"auto, (max-width: 768px) 100vw, 768px\" \/><figcaption>Levada auf 600 m H\u00f6he<\/figcaption><\/figure><\/li><\/ul>\n\n\n\n<figure class=\"wp-block-image\"><img loading=\"lazy\" decoding=\"async\" width=\"1024\" height=\"768\" src=\"https:\/\/azorenhaus.de\/azorenhaus\/wp-content\/uploads\/2019\/09\/image026-1024x768.jpg\" alt=\"\" class=\"wp-image-506\" srcset=\"https:\/\/azorenhaus.de\/azorenhaus\/wp-content\/uploads\/2019\/09\/image026-1024x768.jpg 1024w, https:\/\/azorenhaus.de\/azorenhaus\/wp-content\/uploads\/2019\/09\/image026-300x225.jpg 300w, https:\/\/azorenhaus.de\/azorenhaus\/wp-content\/uploads\/2019\/09\/image026-768x576.jpg 768w\" sizes=\"auto, (max-width: 1024px) 100vw, 1024px\" \/><figcaption>Die M\u00f6glichkeiten zu Wandern sind unz\u00e4hlig<\/figcaption><\/figure>\n\n\n\n<p>Zu einem Besuch Faials geh\u00f6rt, Horta mit seinem Hafen und Buchten zu erkunden. Am Seglerhafen der Atlantik\u00fcberquerer kann man die vielen bunten Bilder an den Kaimauern bewundern, die jede Besatzung vor der Weiterfahrt hinterl\u00e4sst. Der Blick hin\u00fcber nach Pico reizt zu einer \u00dcberfahrt. Im 2-Stunden-Takt bringt die F\u00e4hre die G\u00e4ste f\u00fcr einen Ausflug nach Madalena auf Pico.<\/p>\n\n\n\n<figure class=\"wp-block-image\"><img loading=\"lazy\" decoding=\"async\" width=\"1024\" height=\"768\" src=\"https:\/\/azorenhaus.de\/azorenhaus\/wp-content\/uploads\/2019\/08\/F\u00e4hre-Pico-1-1024x768.jpg\" alt=\"\" class=\"wp-image-323\" srcset=\"https:\/\/azorenhaus.de\/azorenhaus\/wp-content\/uploads\/2019\/08\/F\u00e4hre-Pico-1-1024x768.jpg 1024w, https:\/\/azorenhaus.de\/azorenhaus\/wp-content\/uploads\/2019\/08\/F\u00e4hre-Pico-1-300x225.jpg 300w, https:\/\/azorenhaus.de\/azorenhaus\/wp-content\/uploads\/2019\/08\/F\u00e4hre-Pico-1-768x576.jpg 768w, https:\/\/azorenhaus.de\/azorenhaus\/wp-content\/uploads\/2019\/08\/F\u00e4hre-Pico-1.jpg 1600w\" sizes=\"auto, (max-width: 1024px) 100vw, 1024px\" \/><figcaption>Die alte Cruzero do Canal. Die F\u00e4hren der n\u00e4chsten Generation transportieren auch Autos in geringer Anzahl.<\/figcaption><\/figure>\n\n\n\n<figure class=\"wp-block-image\"><img loading=\"lazy\" decoding=\"async\" width=\"1024\" height=\"768\" src=\"https:\/\/azorenhaus.de\/azorenhaus\/wp-content\/uploads\/2019\/08\/image003-4-1024x768.jpg\" alt=\"\" class=\"wp-image-416\" srcset=\"https:\/\/azorenhaus.de\/azorenhaus\/wp-content\/uploads\/2019\/08\/image003-4-1024x768.jpg 1024w, https:\/\/azorenhaus.de\/azorenhaus\/wp-content\/uploads\/2019\/08\/image003-4-300x225.jpg 300w, https:\/\/azorenhaus.de\/azorenhaus\/wp-content\/uploads\/2019\/08\/image003-4-768x576.jpg 768w, https:\/\/azorenhaus.de\/azorenhaus\/wp-content\/uploads\/2019\/08\/image003-4.jpg 1600w\" sizes=\"auto, (max-width: 1024px) 100vw, 1024px\" \/><\/figure>\n\n\n\n<p>Die Bucht von Porto Pim bietet einen sch\u00f6nen Strand sowie Caf\u00e9s und die Walfabrik, die zum Museum ausgebaut ist und heute auch die Welt der Tiefsee zeigt.<\/p>\n\n\n\n<figure class=\"wp-block-image\"><img loading=\"lazy\" decoding=\"async\" width=\"1024\" height=\"768\" src=\"https:\/\/azorenhaus.de\/azorenhaus\/wp-content\/uploads\/2019\/08\/image031-1024x768.jpg\" alt=\"\" class=\"wp-image-417\" srcset=\"https:\/\/azorenhaus.de\/azorenhaus\/wp-content\/uploads\/2019\/08\/image031-1024x768.jpg 1024w, https:\/\/azorenhaus.de\/azorenhaus\/wp-content\/uploads\/2019\/08\/image031-300x225.jpg 300w, https:\/\/azorenhaus.de\/azorenhaus\/wp-content\/uploads\/2019\/08\/image031-768x576.jpg 768w\" sizes=\"auto, (max-width: 1024px) 100vw, 1024px\" \/><figcaption>Porto Pim, die Entdecker im 15. Jahrhundert siedelten zuerst in dieser gesch\u00fctzten Bucht<\/figcaption><\/figure>\n\n\n\n<figure class=\"wp-block-image\"><img loading=\"lazy\" decoding=\"async\" width=\"1024\" height=\"768\" src=\"https:\/\/azorenhaus.de\/azorenhaus\/wp-content\/uploads\/2019\/09\/image013-1-1024x768.jpg\" alt=\"\" class=\"wp-image-501\" srcset=\"https:\/\/azorenhaus.de\/azorenhaus\/wp-content\/uploads\/2019\/09\/image013-1-1024x768.jpg 1024w, https:\/\/azorenhaus.de\/azorenhaus\/wp-content\/uploads\/2019\/09\/image013-1-300x225.jpg 300w, https:\/\/azorenhaus.de\/azorenhaus\/wp-content\/uploads\/2019\/09\/image013-1-768x576.jpg 768w\" sizes=\"auto, (max-width: 1024px) 100vw, 1024px\" \/><figcaption>Eines der vielen Dorffeste sollte man besuchen.<\/figcaption><\/figure>\n\n\n\n<figure class=\"wp-block-image\"><img loading=\"lazy\" decoding=\"async\" width=\"1024\" height=\"769\" src=\"https:\/\/azorenhaus.de\/azorenhaus\/wp-content\/uploads\/2019\/09\/P1000629-1024x769.jpg\" alt=\"\" class=\"wp-image-503\" srcset=\"https:\/\/azorenhaus.de\/azorenhaus\/wp-content\/uploads\/2019\/09\/P1000629-1024x769.jpg 1024w, https:\/\/azorenhaus.de\/azorenhaus\/wp-content\/uploads\/2019\/09\/P1000629-300x225.jpg 300w, https:\/\/azorenhaus.de\/azorenhaus\/wp-content\/uploads\/2019\/09\/P1000629-768x577.jpg 768w\" sizes=\"auto, (max-width: 1024px) 100vw, 1024px\" \/><figcaption>Almoxarife<\/figcaption><\/figure>\n\n\n\n<figure class=\"wp-block-image\"><img loading=\"lazy\" decoding=\"async\" width=\"1024\" height=\"769\" src=\"https:\/\/azorenhaus.de\/azorenhaus\/wp-content\/uploads\/2019\/09\/P1000636-1024x769.jpg\" alt=\"\" class=\"wp-image-504\" srcset=\"https:\/\/azorenhaus.de\/azorenhaus\/wp-content\/uploads\/2019\/09\/P1000636-1024x769.jpg 1024w, https:\/\/azorenhaus.de\/azorenhaus\/wp-content\/uploads\/2019\/09\/P1000636-300x225.jpg 300w, https:\/\/azorenhaus.de\/azorenhaus\/wp-content\/uploads\/2019\/09\/P1000636-768x577.jpg 768w\" sizes=\"auto, (max-width: 1024px) 100vw, 1024px\" \/><figcaption>An dem kleinen versteckten Strand von Almoxarife ist man meist alleine.<\/figcaption><\/figure>\n","protected":false},"excerpt":{"rendered":"<p>Wandern und Entdecken, Natur genie\u00dfen, die Wale beobachten, die Vulkane erkunden, die Seele baumeln lassen oder einfach im Atlantik schwimmen gehen, den frischen Fisch vom Grill probieren oder sportlich mit dem Rennrad die Insel Faial umrunden, es gibt so viele M\u00f6glichkeiten. Zu einem Besuch Faials geh\u00f6rt, Horta mit seinem Hafen [&hellip;]<\/p>\n","protected":false},"author":1,"featured_media":310,"parent":0,"menu_order":0,"comment_status":"closed","ping_status":"closed","template":"","meta":{"footnotes":""},"class_list":["post-62","page","type-page","status-publish","has-post-thumbnail","hentry"],"_links":{"self":[{"href":"https:\/\/azorenhaus.de\/azorenhaus\/wp-json\/wp\/v2\/pages\/62","targetHints":{"allow":["GET"]}}],"collection":[{"href":"https:\/\/azorenhaus.de\/azorenhaus\/wp-json\/wp\/v2\/pages"}],"about":[{"href":"https:\/\/azorenhaus.de\/azorenhaus\/wp-json\/wp\/v2\/types\/page"}],"author":[{"embeddable":true,"href":"https:\/\/azorenhaus.de\/azorenhaus\/wp-json\/wp\/v2\/users\/1"}],"replies":[{"embeddable":true,"href":"https:\/\/azorenhaus.de\/azorenhaus\/wp-json\/wp\/v2\/comments?post=62"}],"version-history":[{"count":7,"href":"https:\/\/azorenhaus.de\/azorenhaus\/wp-json\/wp\/v2\/pages\/62\/revisions"}],"predecessor-version":[{"id":530,"href":"https:\/\/azorenhaus.de\/azorenhaus\/wp-json\/wp\/v2\/pages\/62\/revisions\/530"}],"wp:featuredmedia":[{"embeddable":true,"href":"https:\/\/azorenhaus.de\/azorenhaus\/wp-json\/wp\/v2\/media\/310"}],"wp:attachment":[{"href":"https:\/\/azorenhaus.de\/azorenhaus\/wp-json\/wp\/v2\/media?parent=62"}],"curies":[{"name":"wp","href":"https:\/\/api.w.org\/{rel}","templated":true}]}}